{"id":2329,"date":"2020-12-04T10:53:39","date_gmt":"2020-12-04T10:53:39","guid":{"rendered":"https:\/\/goldenbay.com.cy\/awards\/"},"modified":"2020-12-13T18:35:50","modified_gmt":"2020-12-13T18:35:50","slug":"auszeichnungen","status":"publish","type":"page","link":"https:\/\/goldenbay.com.cy\/de\/auszeichnungen\/","title":{"rendered":"Auszeichnungen"},"content":{"rendered":"\t\t<div data-elementor-type=\"wp-page\" data-elementor-id=\"2329\" class=\"elementor elementor-2329 elementor-2186\" data-elementor-post-type=\"page\">\n\t\t\t\t\t\t<section class=\"elementor-section elementor-top-section elementor-element elementor-element-669f42f4 elementor-section-full_width elementor-section-content-middle elementor-section-height-min-height ntr-elclass-scale-bg-overlay elementor-section-height-default elementor-section-items-middle\" data-id=\"669f42f4\" data-element_type=\"section\" data-settings=\"{&quot;background_background&quot;:&quot;classic&quot;}\">\n\t\t\t\t\t\t\t<div class=\"elementor-background-overlay\"><\/div>\n\t\t\t\t\t\t\t<div class=\"elementor-container elementor-column-gap-default\">\n\t\t\t\t\t<div class=\"elementor-column elementor-col-100 elementor-top-column elementor-element elementor-element-1271addc\" data-id=\"1271addc\" data-element_type=\"column\">\n\t\t\t<div class=\"elementor-widget-wrap elementor-element-populated\">\n\t\t\t\t\t\t<section class=\"elementor-section elementor-inner-section elementor-element elementor-element-54ac8c20 elementor-section-boxed elementor-section-height-default elementor-section-height-default\" data-id=\"54ac8c20\" data-element_type=\"section\">\n\t\t\t\t\t\t<div class=\"elementor-container elementor-column-gap-default\">\n\t\t\t\t\t<div class=\"elementor-column elementor-col-33 elementor-inner-column elementor-element elementor-element-60fec50b\" data-id=\"60fec50b\" data-element_type=\"column\">\n\t\t\t<div class=\"elementor-widget-wrap\">\n\t\t\t\t\t\t\t<\/div>\n\t\t<\/div>\n\t\t\t\t<div class=\"elementor-column elementor-col-33 elementor-inner-column elementor-element elementor-element-2ea6adc3\" data-id=\"2ea6adc3\" data-element_type=\"column\">\n\t\t\t<div class=\"elementor-widget-wrap elementor-element-populated\">\n\t\t\t\t\t\t<div class=\"elementor-element elementor-element-1a471287 elementor-widget elementor-widget-theme-post-title elementor-page-title elementor-widget-heading\" data-id=\"1a471287\" data-element_type=\"widget\" data-widget_type=\"theme-post-title.default\">\n\t\t\t\t<div class=\"elementor-widget-container\">\n\t\t\t<h1 class=\"elementor-heading-title elementor-size-default\">Auszeichnungen<\/h1>\t\t<\/div>\n\t\t\t\t<\/div>\n\t\t\t\t\t<\/div>\n\t\t<\/div>\n\t\t\t\t<div class=\"elementor-column elementor-col-33 elementor-inner-column elementor-element elementor-element-443d23d8\" data-id=\"443d23d8\" data-element_type=\"column\">\n\t\t\t<div class=\"elementor-widget-wrap\">\n\t\t\t\t\t\t\t<\/div>\n\t\t<\/div>\n\t\t\t\t\t<\/div>\n\t\t<\/section>\n\t\t\t\t\t<\/div>\n\t\t<\/div>\n\t\t\t\t\t<\/div>\n\t\t<\/section>\n\t\t\t\t<section class=\"elementor-section elementor-top-section elementor-element elementor-element-658e0684 elementor-section-boxed elementor-section-height-default elementor-section-height-default\" data-id=\"658e0684\" data-element_type=\"section\" data-settings=\"{&quot;background_background&quot;:&quot;classic&quot;}\">\n\t\t\t\t\t\t<div class=\"elementor-container elementor-column-gap-default\">\n\t\t\t\t\t<div class=\"elementor-column elementor-col-100 elementor-top-column elementor-element elementor-element-f8f4747\" data-id=\"f8f4747\" data-element_type=\"column\">\n\t\t\t<div class=\"elementor-widget-wrap elementor-element-populated\">\n\t\t\t\t\t\t<div class=\"elementor-element elementor-element-f9b7edb elementor-widget elementor-widget-heading\" data-id=\"f9b7edb\" data-element_type=\"widget\" data-widget_type=\"heading.default\">\n\t\t\t\t<div class=\"elementor-widget-container\">\n\t\t\t<h3 class=\"elementor-heading-title elementor-size-default\">Auszeichnungen\n<\/h3>\t\t<\/div>\n\t\t\t\t<\/div>\n\t\t\t\t<div class=\"elementor-element elementor-element-f9ced50 elementor-widget elementor-widget-text-editor\" data-id=\"f9ced50\" data-element_type=\"widget\" data-widget_type=\"text-editor.default\">\n\t\t\t\t<div class=\"elementor-widget-container\">\n\t\t\t\t\t\t\t<p>Vielen Dank, dass Sie sich ein paar Minuten Zeit genommen haben, um uns Ihr wertvolles Feedback zu geben.<br \/>Es ist immer ein Vergn\u00fcgen, die Kommentare und Erfahrungen unserer G\u00e4ste zu lesen; die Meinungen unserer G\u00e4ste spielen f\u00fcr unser Haus eine gro\u00dfe Rolle!<\/p>\t\t\t\t\t\t<\/div>\n\t\t\t\t<\/div>\n\t\t\t\t\t<\/div>\n\t\t<\/div>\n\t\t\t\t\t<\/div>\n\t\t<\/section>\n\t\t\t\t<section class=\"elementor-section elementor-top-section elementor-element elementor-element-425905eb elementor-hidden-desktop elementor-hidden-tablet elementor-hidden-phone elementor-section-boxed elementor-section-height-default elementor-section-height-default\" data-id=\"425905eb\" data-element_type=\"section\" data-settings=\"{&quot;background_background&quot;:&quot;classic&quot;}\">\n\t\t\t\t\t\t<div class=\"elementor-container elementor-column-gap-default\">\n\t\t\t\t\t<div class=\"elementor-column elementor-col-100 elementor-top-column elementor-element elementor-element-56f9a3b2\" data-id=\"56f9a3b2\" data-element_type=\"column\">\n\t\t\t<div class=\"elementor-widget-wrap elementor-element-populated\">\n\t\t\t\t\t\t<section class=\"elementor-section elementor-inner-section elementor-element elementor-element-dfe2c47 elementor-section-boxed elementor-section-height-default elementor-section-height-default\" data-id=\"dfe2c47\" data-element_type=\"section\">\n\t\t\t\t\t\t<div class=\"elementor-container elementor-column-gap-default\">\n\t\t\t\t\t<div class=\"elementor-column elementor-col-50 elementor-inner-column elementor-element elementor-element-cdcdaa8\" data-id=\"cdcdaa8\" data-element_type=\"column\">\n\t\t\t<div class=\"elementor-widget-wrap elementor-element-populated\">\n\t\t\t\t\t\t<div class=\"elementor-element elementor-element-cd8c6a2 elementor-widget elementor-widget-image\" data-id=\"cd8c6a2\" data-element_type=\"widget\" data-widget_type=\"image.default\">\n\t\t\t\t<div class=\"elementor-widget-container\">\n\t\t\t\t\t\t\t\t\t\t\t\t\t<img fetchpriority=\"high\" decoding=\"async\" width=\"600\" height=\"450\" src=\"https:\/\/goldenbay.com.cy\/wp-content\/uploads\/2020\/12\/2017_coe_color_opt.jpg\" class=\"attachment-large size-large wp-image-2332\" alt=\"\" srcset=\"https:\/\/goldenbay.com.cy\/wp-content\/uploads\/2020\/12\/2017_coe_color_opt.jpg 600w, https:\/\/goldenbay.com.cy\/wp-content\/uploads\/2020\/12\/2017_coe_color_opt-360x270.jpg 360w\" sizes=\"(max-width: 600px) 100vw, 600px\" \/>\t\t\t\t\t\t\t\t\t\t\t\t\t<\/div>\n\t\t\t\t<\/div>\n\t\t\t\t\t<\/div>\n\t\t<\/div>\n\t\t\t\t<div class=\"elementor-column elementor-col-50 elementor-inner-column elementor-element elementor-element-1156c4a\" data-id=\"1156c4a\" data-element_type=\"column\">\n\t\t\t<div class=\"elementor-widget-wrap elementor-element-populated\">\n\t\t\t\t\t\t<div class=\"elementor-element elementor-element-10127c0 elementor-widget elementor-widget-heading\" data-id=\"10127c0\" data-element_type=\"widget\" data-widget_type=\"heading.default\">\n\t\t\t\t<div class=\"elementor-widget-container\">\n\t\t\t<h2 class=\"elementor-heading-title elementor-size-default\">Certificate of Excellence Award of 2017\n<\/h2>\t\t<\/div>\n\t\t\t\t<\/div>\n\t\t\t\t<div class=\"elementor-element elementor-element-2b0eaec elementor-widget elementor-widget-text-editor\" data-id=\"2b0eaec\" data-element_type=\"widget\" data-widget_type=\"text-editor.default\">\n\t\t\t\t<div class=\"elementor-widget-container\">\n\t\t\t\t\t\t\t<p><span style=\"color: #ffffff;\">Wir f\u00fchlen uns geehrt, das Zertifikat f\u00fcr hervorragende Qualit\u00e4t erhalten zu haben. Diese Auszeichnung wird an Unternehmer verliehen, die durchgehend gro\u00dfartige Reisebewertungen auf der Seite \u2018\u2018 Tripadvisor\u2018\u2018 erhalten haben. Gerade deshalb freut es und besonders.<\/span><\/p>\t\t\t\t\t\t<\/div>\n\t\t\t\t<\/div>\n\t\t\t\t\t<\/div>\n\t\t<\/div>\n\t\t\t\t\t<\/div>\n\t\t<\/section>\n\t\t\t\t<section class=\"elementor-section elementor-inner-section elementor-element elementor-element-2cf7fd5 elementor-section-boxed elementor-section-height-default elementor-section-height-default\" data-id=\"2cf7fd5\" data-element_type=\"section\">\n\t\t\t\t\t\t<div class=\"elementor-container elementor-column-gap-default\">\n\t\t\t\t\t<div class=\"elementor-column elementor-col-50 elementor-inner-column elementor-element elementor-element-42681a3\" data-id=\"42681a3\" data-element_type=\"column\">\n\t\t\t<div class=\"elementor-widget-wrap elementor-element-populated\">\n\t\t\t\t\t\t<div class=\"elementor-element elementor-element-266e789 elementor-widget elementor-widget-image\" data-id=\"266e789\" data-element_type=\"widget\" data-widget_type=\"image.default\">\n\t\t\t\t<div class=\"elementor-widget-container\">\n\t\t\t\t\t\t\t\t\t\t\t\t\t<img decoding=\"async\" width=\"600\" height=\"450\" src=\"https:\/\/goldenbay.com.cy\/wp-content\/uploads\/2020\/12\/2018_coe_color_opt.jpg\" class=\"attachment-large size-large wp-image-2336\" alt=\"\" srcset=\"https:\/\/goldenbay.com.cy\/wp-content\/uploads\/2020\/12\/2018_coe_color_opt.jpg 600w, https:\/\/goldenbay.com.cy\/wp-content\/uploads\/2020\/12\/2018_coe_color_opt-360x270.jpg 360w\" sizes=\"(max-width: 600px) 100vw, 600px\" \/>\t\t\t\t\t\t\t\t\t\t\t\t\t<\/div>\n\t\t\t\t<\/div>\n\t\t\t\t\t<\/div>\n\t\t<\/div>\n\t\t\t\t<div class=\"elementor-column elementor-col-50 elementor-inner-column elementor-element elementor-element-1d771ef\" data-id=\"1d771ef\" data-element_type=\"column\">\n\t\t\t<div class=\"elementor-widget-wrap elementor-element-populated\">\n\t\t\t\t\t\t<div class=\"elementor-element elementor-element-475fc4f elementor-widget elementor-widget-heading\" data-id=\"475fc4f\" data-element_type=\"widget\" data-widget_type=\"heading.default\">\n\t\t\t\t<div class=\"elementor-widget-container\">\n\t\t\t<h2 class=\"elementor-heading-title elementor-size-default\">Certificate of Excellence Award of 2018\n<\/h2>\t\t<\/div>\n\t\t\t\t<\/div>\n\t\t\t\t<div class=\"elementor-element elementor-element-cce83d2 elementor-widget elementor-widget-text-editor\" data-id=\"cce83d2\" data-element_type=\"widget\" data-widget_type=\"text-editor.default\">\n\t\t\t\t<div class=\"elementor-widget-container\">\n\t\t\t\t\t\t\t<p><span style=\"color: #ffffff;\">Wir f\u00fchlen uns geehrt, das Zertifikat f\u00fcr hervorragende Qualit\u00e4t erhalten zu haben. Aufgrund der Bewertungen der Besucher von TripAdvisor hat das Golden Bay Beach hotel im Jahr 2018 zum 2. Mal das Zertifikat f\u00fcr hervorragende Qualit\u00e4t verliehen bekommen.<\/span><\/p>\t\t\t\t\t\t<\/div>\n\t\t\t\t<\/div>\n\t\t\t\t\t<\/div>\n\t\t<\/div>\n\t\t\t\t\t<\/div>\n\t\t<\/section>\n\t\t\t\t\t<\/div>\n\t\t<\/div>\n\t\t\t\t\t<\/div>\n\t\t<\/section>\n\t\t\t\t<section class=\"elementor-section elementor-top-section elementor-element elementor-element-d58d587 elementor-section-boxed elementor-section-height-default elementor-section-height-default\" data-id=\"d58d587\" data-element_type=\"section\" data-settings=\"{&quot;background_background&quot;:&quot;classic&quot;}\">\n\t\t\t\t\t\t<div class=\"elementor-container elementor-column-gap-default\">\n\t\t\t\t\t<div class=\"elementor-column elementor-col-100 elementor-top-column elementor-element elementor-element-ebacd0e\" data-id=\"ebacd0e\" data-element_type=\"column\">\n\t\t\t<div class=\"elementor-widget-wrap elementor-element-populated\">\n\t\t\t\t\t\t<div class=\"elementor-element elementor-element-23ec843 elementor-widget elementor-widget-image\" data-id=\"23ec843\" data-element_type=\"widget\" data-widget_type=\"image.default\">\n\t\t\t\t<div class=\"elementor-widget-container\">\n\t\t\t\t\t\t\t\t\t\t\t\t\t<img decoding=\"async\" width=\"602\" height=\"119\" src=\"https:\/\/goldenbay.com.cy\/wp-content\/uploads\/2020\/11\/goldenbay-section-logo-1.png\" class=\"attachment-large size-large wp-image-577\" alt=\"\" srcset=\"https:\/\/goldenbay.com.cy\/wp-content\/uploads\/2020\/11\/goldenbay-section-logo-1.png 602w, https:\/\/goldenbay.com.cy\/wp-content\/uploads\/2020\/11\/goldenbay-section-logo-1-360x71.png 360w\" sizes=\"(max-width: 602px) 100vw, 602px\" \/>\t\t\t\t\t\t\t\t\t\t\t\t\t<\/div>\n\t\t\t\t<\/div>\n\t\t\t\t\t<\/div>\n\t\t<\/div>\n\t\t\t\t\t<\/div>\n\t\t<\/section>\n\t\t\t\t<\/div>\n\t\t","protected":false},"excerpt":{"rendered":"<p>Auszeichnungen Vielen Dank, dass Sie sich ein paar Minuten Zeit genommen haben, um uns Ihr wertvolles Feedback zu geben.Es ist immer ein Vergn\u00fcgen, die Kommentare und Erfahrungen unserer G\u00e4ste zu lesen; die Meinungen unserer G\u00e4ste spielen f\u00fcr unser Haus eine gro\u00dfe Rolle! Certificate of Excellence Award of 2017 Wir f\u00fchlen uns geehrt, das Zertifikat f\u00fcr [&hellip;]<\/p>\n","protected":false},"author":6,"featured_media":0,"parent":0,"menu_order":0,"comment_status":"closed","ping_status":"closed","template":"","meta":{"_acf_changed":false,"footnotes":""},"class_list":["post-2329","page","type-page","status-publish","hentry"],"acf":[],"yoast_head":"<!-- This site is optimized with the Yoast SEO Premium plugin v27.0 (Yoast SEO v27.1.1) - https:\/\/yoast.com\/product\/yoast-seo-premium-wordpress\/ -->\n<title>Auszeichnungen - Golden Bay Beach Hotel<\/title>\n<meta name=\"robots\" content=\"index, follow, max-snippet:-1, max-image-preview:large, max-video-preview:-1\" \/>\n<link rel=\"canonical\" href=\"https:\/\/goldenbay.com.cy\/de\/auszeichnungen\/\" \/>\n<meta property=\"og:locale\" content=\"de_DE\" \/>\n<meta property=\"og:type\" content=\"article\" \/>\n<meta property=\"og:title\" content=\"Auszeichnungen\" \/>\n<meta property=\"og:description\" content=\"Auszeichnungen Vielen Dank, dass Sie sich ein paar Minuten Zeit genommen haben, um uns Ihr wertvolles Feedback zu geben.Es ist immer ein Vergn\u00fcgen, die Kommentare und Erfahrungen unserer G\u00e4ste zu lesen; die Meinungen unserer G\u00e4ste spielen f\u00fcr unser Haus eine gro\u00dfe Rolle! Certificate of Excellence Award of 2017 Wir f\u00fchlen uns geehrt, das Zertifikat f\u00fcr [&hellip;]\" \/>\n<meta property=\"og:url\" content=\"https:\/\/goldenbay.com.cy\/de\/auszeichnungen\/\" \/>\n<meta property=\"og:site_name\" content=\"Golden Bay Beach Hotel\" \/>\n<meta property=\"article:publisher\" content=\"https:\/\/www.facebook.com\/GoldenBayCyprus\/\" \/>\n<meta property=\"article:modified_time\" content=\"2020-12-13T18:35:50+00:00\" \/>\n<meta property=\"og:image\" content=\"https:\/\/goldenbay.com.cy\/wp-content\/uploads\/2020\/12\/2017_coe_color_opt.jpg\" \/>\n<meta name=\"twitter:card\" content=\"summary_large_image\" \/>\n<meta name=\"twitter:site\" content=\"@goldenbaycyprus\" \/>\n<meta name=\"twitter:label1\" content=\"Gesch\u00e4tzte Lesezeit\" \/>\n\t<meta name=\"twitter:data1\" content=\"1\u00a0Minute\" \/>\n<script type=\"application\/ld+json\" class=\"yoast-schema-graph\">{\"@context\":\"https:\/\/schema.org\",\"@graph\":[{\"@type\":\"WebPage\",\"@id\":\"https:\/\/goldenbay.com.cy\/de\/auszeichnungen\/\",\"url\":\"https:\/\/goldenbay.com.cy\/de\/auszeichnungen\/\",\"name\":\"Auszeichnungen - Golden Bay Beach Hotel\",\"isPartOf\":{\"@id\":\"https:\/\/goldenbay.com.cy\/#website\"},\"primaryImageOfPage\":{\"@id\":\"https:\/\/goldenbay.com.cy\/de\/auszeichnungen\/#primaryimage\"},\"image\":{\"@id\":\"https:\/\/goldenbay.com.cy\/de\/auszeichnungen\/#primaryimage\"},\"thumbnailUrl\":\"https:\/\/goldenbay.com.cy\/wp-content\/uploads\/2020\/12\/2017_coe_color_opt.jpg\",\"datePublished\":\"2020-12-04T10:53:39+00:00\",\"dateModified\":\"2020-12-13T18:35:50+00:00\",\"breadcrumb\":{\"@id\":\"https:\/\/goldenbay.com.cy\/de\/auszeichnungen\/#breadcrumb\"},\"inLanguage\":\"de\",\"potentialAction\":[{\"@type\":\"ReadAction\",\"target\":[\"https:\/\/goldenbay.com.cy\/de\/auszeichnungen\/\"]}]},{\"@type\":\"ImageObject\",\"inLanguage\":\"de\",\"@id\":\"https:\/\/goldenbay.com.cy\/de\/auszeichnungen\/#primaryimage\",\"url\":\"https:\/\/goldenbay.com.cy\/wp-content\/uploads\/2020\/12\/2017_coe_color_opt.jpg\",\"contentUrl\":\"https:\/\/goldenbay.com.cy\/wp-content\/uploads\/2020\/12\/2017_coe_color_opt.jpg\"},{\"@type\":\"BreadcrumbList\",\"@id\":\"https:\/\/goldenbay.com.cy\/de\/auszeichnungen\/#breadcrumb\",\"itemListElement\":[{\"@type\":\"ListItem\",\"position\":1,\"name\":\"Home\",\"item\":\"https:\/\/goldenbay.com.cy\/de\/\"},{\"@type\":\"ListItem\",\"position\":2,\"name\":\"Auszeichnungen\"}]},{\"@type\":\"WebSite\",\"@id\":\"https:\/\/goldenbay.com.cy\/#website\",\"url\":\"https:\/\/goldenbay.com.cy\/\",\"name\":\"Golden Bay Beach Hotel\",\"description\":\"Just another WordPress site\",\"publisher\":{\"@id\":\"https:\/\/goldenbay.com.cy\/#organization\"},\"potentialAction\":[{\"@type\":\"SearchAction\",\"target\":{\"@type\":\"EntryPoint\",\"urlTemplate\":\"https:\/\/goldenbay.com.cy\/?s={search_term_string}\"},\"query-input\":{\"@type\":\"PropertyValueSpecification\",\"valueRequired\":true,\"valueName\":\"search_term_string\"}}],\"inLanguage\":\"de\"},{\"@type\":\"Organization\",\"@id\":\"https:\/\/goldenbay.com.cy\/#organization\",\"name\":\"Golden Bay Beach Hotel\",\"alternateName\":\"Golden Bay Beach Hotel in Larnaca\",\"url\":\"https:\/\/goldenbay.com.cy\/\",\"logo\":{\"@type\":\"ImageObject\",\"inLanguage\":\"de\",\"@id\":\"https:\/\/goldenbay.com.cy\/#\/schema\/logo\/image\/\",\"url\":\"https:\/\/goldenbay.com.cy\/wp-content\/uploads\/2026\/03\/gblogo-square-696.jpg\",\"contentUrl\":\"https:\/\/goldenbay.com.cy\/wp-content\/uploads\/2026\/03\/gblogo-square-696.jpg\",\"width\":696,\"height\":696,\"caption\":\"Golden Bay Beach Hotel\"},\"image\":{\"@id\":\"https:\/\/goldenbay.com.cy\/#\/schema\/logo\/image\/\"},\"sameAs\":[\"https:\/\/www.facebook.com\/GoldenBayCyprus\/\",\"https:\/\/x.com\/goldenbaycyprus\",\"https:\/\/www.instagram.com\/goldenbaycyprus\/\",\"https:\/\/www.linkedin.com\/company\/golden-bay-beach-hotel\/\",\"https:\/\/www.youtube.com\/user\/goldenbaycyprus\"],\"description\":\"Golden Bay Beach Hotel is a 5-star luxury beachfront hotel located on Dhekelia Road in Larnaca, Cyprus. The hotel features 193 rooms across 10 room categories, 4 restaurants, 3 bars, a full-service spa, indoor and outdoor pools, conference facilities, and direct sandy beach access. It operates under Cyprus Tourism Organisation license #172.\",\"email\":\"info@goldenbay.com.cy\",\"telephone\":\"+357 24645444\",\"legalName\":\"Golden Bay Beach Hotel\",\"numberOfEmployees\":{\"@type\":\"QuantitativeValue\",\"minValue\":\"11\",\"maxValue\":\"50\"}}]}<\/script>\n<!-- \/ Yoast SEO Premium plugin. -->","yoast_head_json":{"title":"Auszeichnungen - Golden Bay Beach Hotel","robots":{"index":"index","follow":"follow","max-snippet":"max-snippet:-1","max-image-preview":"max-image-preview:large","max-video-preview":"max-video-preview:-1"},"canonical":"https:\/\/goldenbay.com.cy\/de\/auszeichnungen\/","og_locale":"de_DE","og_type":"article","og_title":"Auszeichnungen","og_description":"Auszeichnungen Vielen Dank, dass Sie sich ein paar Minuten Zeit genommen haben, um uns Ihr wertvolles Feedback zu geben.Es ist immer ein Vergn\u00fcgen, die Kommentare und Erfahrungen unserer G\u00e4ste zu lesen; die Meinungen unserer G\u00e4ste spielen f\u00fcr unser Haus eine gro\u00dfe Rolle! Certificate of Excellence Award of 2017 Wir f\u00fchlen uns geehrt, das Zertifikat f\u00fcr [&hellip;]","og_url":"https:\/\/goldenbay.com.cy\/de\/auszeichnungen\/","og_site_name":"Golden Bay Beach Hotel","article_publisher":"https:\/\/www.facebook.com\/GoldenBayCyprus\/","article_modified_time":"2020-12-13T18:35:50+00:00","og_image":[{"url":"https:\/\/goldenbay.com.cy\/wp-content\/uploads\/2020\/12\/2017_coe_color_opt.jpg","type":"","width":"","height":""}],"twitter_card":"summary_large_image","twitter_site":"@goldenbaycyprus","twitter_misc":{"Gesch\u00e4tzte Lesezeit":"1\u00a0Minute"},"schema":{"@context":"https:\/\/schema.org","@graph":[{"@type":"WebPage","@id":"https:\/\/goldenbay.com.cy\/de\/auszeichnungen\/","url":"https:\/\/goldenbay.com.cy\/de\/auszeichnungen\/","name":"Auszeichnungen - Golden Bay Beach Hotel","isPartOf":{"@id":"https:\/\/goldenbay.com.cy\/#website"},"primaryImageOfPage":{"@id":"https:\/\/goldenbay.com.cy\/de\/auszeichnungen\/#primaryimage"},"image":{"@id":"https:\/\/goldenbay.com.cy\/de\/auszeichnungen\/#primaryimage"},"thumbnailUrl":"https:\/\/goldenbay.com.cy\/wp-content\/uploads\/2020\/12\/2017_coe_color_opt.jpg","datePublished":"2020-12-04T10:53:39+00:00","dateModified":"2020-12-13T18:35:50+00:00","breadcrumb":{"@id":"https:\/\/goldenbay.com.cy\/de\/auszeichnungen\/#breadcrumb"},"inLanguage":"de","potentialAction":[{"@type":"ReadAction","target":["https:\/\/goldenbay.com.cy\/de\/auszeichnungen\/"]}]},{"@type":"ImageObject","inLanguage":"de","@id":"https:\/\/goldenbay.com.cy\/de\/auszeichnungen\/#primaryimage","url":"https:\/\/goldenbay.com.cy\/wp-content\/uploads\/2020\/12\/2017_coe_color_opt.jpg","contentUrl":"https:\/\/goldenbay.com.cy\/wp-content\/uploads\/2020\/12\/2017_coe_color_opt.jpg"},{"@type":"BreadcrumbList","@id":"https:\/\/goldenbay.com.cy\/de\/auszeichnungen\/#breadcrumb","itemListElement":[{"@type":"ListItem","position":1,"name":"Home","item":"https:\/\/goldenbay.com.cy\/de\/"},{"@type":"ListItem","position":2,"name":"Auszeichnungen"}]},{"@type":"WebSite","@id":"https:\/\/goldenbay.com.cy\/#website","url":"https:\/\/goldenbay.com.cy\/","name":"Golden Bay Beach Hotel","description":"Just another WordPress site","publisher":{"@id":"https:\/\/goldenbay.com.cy\/#organization"},"potentialAction":[{"@type":"SearchAction","target":{"@type":"EntryPoint","urlTemplate":"https:\/\/goldenbay.com.cy\/?s={search_term_string}"},"query-input":{"@type":"PropertyValueSpecification","valueRequired":true,"valueName":"search_term_string"}}],"inLanguage":"de"},{"@type":"Organization","@id":"https:\/\/goldenbay.com.cy\/#organization","name":"Golden Bay Beach Hotel","alternateName":"Golden Bay Beach Hotel in Larnaca","url":"https:\/\/goldenbay.com.cy\/","logo":{"@type":"ImageObject","inLanguage":"de","@id":"https:\/\/goldenbay.com.cy\/#\/schema\/logo\/image\/","url":"https:\/\/goldenbay.com.cy\/wp-content\/uploads\/2026\/03\/gblogo-square-696.jpg","contentUrl":"https:\/\/goldenbay.com.cy\/wp-content\/uploads\/2026\/03\/gblogo-square-696.jpg","width":696,"height":696,"caption":"Golden Bay Beach Hotel"},"image":{"@id":"https:\/\/goldenbay.com.cy\/#\/schema\/logo\/image\/"},"sameAs":["https:\/\/www.facebook.com\/GoldenBayCyprus\/","https:\/\/x.com\/goldenbaycyprus","https:\/\/www.instagram.com\/goldenbaycyprus\/","https:\/\/www.linkedin.com\/company\/golden-bay-beach-hotel\/","https:\/\/www.youtube.com\/user\/goldenbaycyprus"],"description":"Golden Bay Beach Hotel is a 5-star luxury beachfront hotel located on Dhekelia Road in Larnaca, Cyprus. The hotel features 193 rooms across 10 room categories, 4 restaurants, 3 bars, a full-service spa, indoor and outdoor pools, conference facilities, and direct sandy beach access. It operates under Cyprus Tourism Organisation license #172.","email":"info@goldenbay.com.cy","telephone":"+357 24645444","legalName":"Golden Bay Beach Hotel","numberOfEmployees":{"@type":"QuantitativeValue","minValue":"11","maxValue":"50"}}]}},"_links":{"self":[{"href":"https:\/\/goldenbay.com.cy\/de\/wp-json\/wp\/v2\/pages\/2329","targetHints":{"allow":["GET"]}}],"collection":[{"href":"https:\/\/goldenbay.com.cy\/de\/wp-json\/wp\/v2\/pages"}],"about":[{"href":"https:\/\/goldenbay.com.cy\/de\/wp-json\/wp\/v2\/types\/page"}],"author":[{"embeddable":true,"href":"https:\/\/goldenbay.com.cy\/de\/wp-json\/wp\/v2\/users\/6"}],"replies":[{"embeddable":true,"href":"https:\/\/goldenbay.com.cy\/de\/wp-json\/wp\/v2\/comments?post=2329"}],"version-history":[{"count":0,"href":"https:\/\/goldenbay.com.cy\/de\/wp-json\/wp\/v2\/pages\/2329\/revisions"}],"wp:attachment":[{"href":"https:\/\/goldenbay.com.cy\/de\/wp-json\/wp\/v2\/media?parent=2329"}],"curies":[{"name":"wp","href":"https:\/\/api.w.org\/{rel}","templated":true}]}}