{"id":2349,"date":"2020-11-05T07:46:31","date_gmt":"2020-11-05T07:46:31","guid":{"rendered":"https:\/\/goldenbay.com.cy\/location\/"},"modified":"2021-01-17T16:55:24","modified_gmt":"2021-01-17T16:55:24","slug":"lage","status":"publish","type":"page","link":"https:\/\/goldenbay.com.cy\/de\/lage\/","title":{"rendered":"Lage"},"content":{"rendered":"\t\t<div data-elementor-type=\"wp-page\" data-elementor-id=\"2349\" class=\"elementor elementor-2349 elementor-812\" data-elementor-post-type=\"page\">\n\t\t\t\t\t\t<section class=\"elementor-section elementor-top-section elementor-element elementor-element-c32b78e elementor-section-full_width elementor-section-content-middle elementor-section-height-min-height elementor-section-height-default elementor-section-items-middle\" data-id=\"c32b78e\" data-element_type=\"section\" data-settings=\"{&quot;background_background&quot;:&quot;classic&quot;}\">\n\t\t\t\t\t\t\t<div class=\"elementor-background-overlay\"><\/div>\n\t\t\t\t\t\t\t<div class=\"elementor-container elementor-column-gap-default\">\n\t\t\t\t\t<div class=\"elementor-column elementor-col-100 elementor-top-column elementor-element elementor-element-57f3b3bd\" data-id=\"57f3b3bd\" data-element_type=\"column\">\n\t\t\t<div class=\"elementor-widget-wrap elementor-element-populated\">\n\t\t\t\t\t\t<div class=\"elementor-element elementor-element-603d52fb elementor-widget elementor-widget-heading\" data-id=\"603d52fb\" data-element_type=\"widget\" data-widget_type=\"heading.default\">\n\t\t\t\t<div class=\"elementor-widget-container\">\n\t\t\t<h1 class=\"elementor-heading-title elementor-size-default\">\u00dcber Larnaca<\/h1>\t\t<\/div>\n\t\t\t\t<\/div>\n\t\t\t\t\t<\/div>\n\t\t<\/div>\n\t\t\t\t\t<\/div>\n\t\t<\/section>\n\t\t\t\t<section class=\"elementor-section elementor-top-section elementor-element elementor-element-24d3a7b7 elementor-section-full_width elementor-section-height-default elementor-section-height-default\" data-id=\"24d3a7b7\" data-element_type=\"section\" data-settings=\"{&quot;background_background&quot;:&quot;classic&quot;}\">\n\t\t\t\t\t\t<div class=\"elementor-container elementor-column-gap-no\">\n\t\t\t\t\t<div class=\"elementor-column elementor-col-33 elementor-top-column elementor-element elementor-element-7d9dbdec\" data-id=\"7d9dbdec\" data-element_type=\"column\" data-settings=\"{&quot;background_background&quot;:&quot;classic&quot;}\">\n\t\t\t<div class=\"elementor-widget-wrap\">\n\t\t\t\t\t\t\t<\/div>\n\t\t<\/div>\n\t\t\t\t<div class=\"elementor-column elementor-col-33 elementor-top-column elementor-element elementor-element-70fc3dca\" data-id=\"70fc3dca\" data-element_type=\"column\" data-settings=\"{&quot;background_background&quot;:&quot;classic&quot;}\">\n\t\t\t<div class=\"elementor-widget-wrap elementor-element-populated\">\n\t\t\t\t\t\t<div class=\"elementor-element elementor-element-2284440 elementor-widget elementor-widget-heading\" data-id=\"2284440\" data-element_type=\"widget\" data-widget_type=\"heading.default\">\n\t\t\t\t<div class=\"elementor-widget-container\">\n\t\t\t<h2 class=\"elementor-heading-title elementor-size-default\">unsere Position\n<\/h2>\t\t<\/div>\n\t\t\t\t<\/div>\n\t\t\t\t<div class=\"elementor-element elementor-element-125028f3 elementor-widget elementor-widget-text-editor\" data-id=\"125028f3\" data-element_type=\"widget\" data-widget_type=\"text-editor.default\">\n\t\t\t\t<div class=\"elementor-widget-container\">\n\t\t\t\t\t\t\t<p>Das Golden Bay Beach Hotel liegt am Rande des touristischen Teils von Larnaca, direkt an einem langen und breiten Sandstrand. Das Hotel befindet sich nur 10 km vom Stadtzentrum, 15 km vom internationalen Flughafen Larnaca und 30 Minuten von der Hauptstadt Nicosia entfernt, dieses\u00a0 renommierte F\u00fcnf-Sterne Hotel ist bekannt f\u00fcr seine hervorragenden Einrichtungen, einwandfreien Service sowie seine feine K\u00fcche und luxuri\u00f6se Umgebung.<\/p><p>Das Golden Bay Beach Hotel kann auf Anfrage des Gastes Transport organisieren, sei es ein privates Taxi f\u00fcr eine Person oder einen Bus f\u00fcr 22 Personen.<\/p><p>Es gibt auch einen \u00f6ffentlichen Busverkehr, der direkt vor den Hotels h\u00e4lt, der Bus kann Sie in die Stadt und zur\u00fcck bringen. Der Bus-Fahrplan \u00e4ndert sich je nach Saison und kann von der Rezeption zur Verf\u00fcgung gestellt werden.<\/p><p>* Es ist wichtig zu beachten \u2013 wenn es kein Taxi auf den Anlagen des Hotels gibt, wird ein Taxi wird gerufen und braucht nur maximal 15 Minuten, um beim Hotel anzukommen (abh\u00e4ngig vom Verkehr).<\/p>\t\t\t\t\t\t<\/div>\n\t\t\t\t<\/div>\n\t\t\t\t<div class=\"elementor-element elementor-element-3c99fec elementor-widget elementor-widget-google_maps\" data-id=\"3c99fec\" data-element_type=\"widget\" data-widget_type=\"google_maps.default\">\n\t\t\t\t<div class=\"elementor-widget-container\">\n\t\t\t\t\t<div class=\"elementor-custom-embed\">\n\t\t\t<iframe loading=\"lazy\"\n\t\t\t\t\tsrc=\"https:\/\/maps.google.com\/maps?q=Golden%20Bay%20Beach&#038;t=m&#038;z=11&#038;output=embed&#038;iwloc=near\"\n\t\t\t\t\ttitle=\"Golden Bay Beach\"\n\t\t\t\t\taria-label=\"Golden Bay Beach\"\n\t\t\t><\/iframe>\n\t\t<\/div>\n\t\t\t\t<\/div>\n\t\t\t\t<\/div>\n\t\t\t\t<div class=\"elementor-element elementor-element-13d0370 elementor-widget elementor-widget-heading\" data-id=\"13d0370\" data-element_type=\"widget\" data-widget_type=\"heading.default\">\n\t\t\t\t<div class=\"elementor-widget-container\">\n\t\t\t<h2 class=\"elementor-heading-title elementor-size-default\">\u00dcber Larnaca<\/h2>\t\t<\/div>\n\t\t\t\t<\/div>\n\t\t\t\t<div class=\"elementor-element elementor-element-5b1914c elementor-widget elementor-widget-text-editor\" data-id=\"5b1914c\" data-element_type=\"widget\" data-widget_type=\"text-editor.default\">\n\t\t\t\t<div class=\"elementor-widget-container\">\n\t\t\t\t\t\t\t<p>Larnaca, urspr\u00fcnglich als Kition bekannt, ist die \u00e4lteste lebende Stadt von Zypern. Die Legende besagt, dass Noahs Enkel Khittim die erste Siedlung gegr\u00fcndet hatte. Im Gegensatz zu anderen antiken St\u00e4dten Zyperns, die von ihren Bewohnern verlassen wurden, ist Larnaca seit der Gr\u00fcndung der Stadt vor 6000 Jahren ohne Unterbrechung bewohnt gewesen. Seit der fr\u00fchen Morgend\u00e4mmerung der Geschichte war Larnaca praktisch das Drehkreuz der Zivilisation und hat viele Besucher angezogen. Einige kamen als Kolonisatoren oder H\u00e4ndler, andere als Invasoren, Eroberer oder Touristen. Einige der Nationen, die durch Larnaca zogen, waren die Griechen, Perser und \u00c4gypter sowie die R\u00f6mer, die Byzantiner, die Franken, die Venezianer, die T\u00fcrken und die Briten. Heute besuchen wohl drei Millionen Reisende und Touristen Larnaca, sie betreten Zypern vom Flughafen, Hafen und Marina der Stadt.<\/p><p>Die mykenischen Griechen gr\u00fcndeten das Kition Stadtk\u00f6nigreich im 13. Jahrhundert. Zu der Zeit bl\u00fchte die Stadt, da sie ein Kupfer-Handelszentrum war, sowie die Heimat eines reichen Hafens. K\u00fcrzliche Ausgrabungen haben die zyklopischen Mauern der Stadt und eine Anzahl mykenischer Tempel offenbart. Der befestigte Hafen der Stadt und Werften sind aus einer sp\u00e4teren Periode. Larnaca ist auch der Geburtsort des Philosophen Zenon, der im 4. Jahrhundert v. Chr. in Athen lehrte. Das byzantinische Zeitalter war eine der kulturell reichsten Epochen der Stadt, da mehrere Denkm\u00e4ler gebaut wurden, die heute noch erhalten sind, wie die Basilika des Heiligen Lazarus aus dem 9. Jahrhundert n. Chr. Die Stadt erlangte ihre Stellung wieder w\u00e4hrend der osmanischen Herrschaft, als es zum diplomatischen und kommerziellen Zentrum der Insel wurde. Die Briten, welche die Insel \u00fcber Larnaca betraten, regierten von 1878 bis 1960. Die j\u00fcngste Geschichte der Stadt folgt der sehr schnellen Entwicklung des ganzen Landes. Im Jahr 1973 gab es in Larnaca 22 000 Einwohner.<\/p><p>Im Jahr 1974 fielen die T\u00fcrken in Zypern ein und die t\u00fcrkische Armee vertrieb mit Gewalt etwa 200.000 griechische Zyprioten, die Bewohner ihres n\u00f6rdlichen Teils. Larnaca begr\u00fc\u00dfte \u00fcber 40.000 Fl\u00fcchtlinge und verdreifachte damit seine Bev\u00f6lkerung \u00fcber Nacht, die Einwohnerzahl ist heute bei 65.000.<\/p><p>Die wichtigsten Sehensw\u00fcrdigkeiten:<br \/>Die St. Lazarus Kirche ist eins der wichtigsten \u00fcberlebenden byzantinischen Denkm\u00e4ler in Zypern. Diese Kirche aus Stein im Herzen von Larnaca wurde im 9. Jahrhundert auf der Ruhest\u00e4tte des Hl. Lazarus erbaut. Das Grab dieses Heiligen befindet sich unter der Kirche und wird von Touristen besucht.<\/p><p>Das mittelalterliche Schloss von Larnaca aus dem 12. Jahrhundert ist ein interessanter Ort f\u00fcr ein Besuch und man sollte die Aussicht vom Dach aus genie\u00dfen.<\/p><p>Die Larnaca Salzsee ist ein Schutzgebiet, die Heimat von Zugv\u00f6geln, vor allem der sch\u00f6nen Flamingos. Ein Spaziergang entlang des Naturlehrpfads rund um den Salzsee ist ein definitives Muss nicht nur auf den au\u00dfergew\u00f6hnlichen nat\u00fcrlichen Lebensraum, sondern um die atemberaubenden, romantischen Sonnenunterg\u00e4nge zu genie\u00dfen!<\/p><p>Museen gibt es buchst\u00e4blich an jeder Ecke. Ein Besuch des Pierides-Museums und des Arch\u00e4ologischen Museums des Larnaca-Gebiets bringen einen jedoch zur\u00fcck in die Zeit. Beide Museen beherbergen faszinierende Sammlungen zypriotischer Antiquit\u00e4ten, die sich \u00fcber 9000 Jahre hinweg erstrecken.<\/p><p>Larnaca ist der beste Ort, um authentisches Dorfleben zu erfahren. Es gibt viele malerische, traditionelle D\u00f6rfer aus steinernen Geb\u00e4uden und engen Gassen wie Tochni, Skarinou und Kato Drys. Eines der bekanntesten D\u00f6rfer ist Lefkara, in dem man Frauen beobachten kann, die traditionelle handgefertigte Spitze anfertigen, das sind die renommierten \u201eLefkaritiko\u201c direkt vor ihrer T\u00fcr. Dieses antike Handwerk ist Teil der UNESCO-Liste der immateriellen Kulturerbe der Menschheit.<\/p><p>Weitere Informationen \u00fcber Larnaca: www.larnakaregion.com<\/p>\t\t\t\t\t\t<\/div>\n\t\t\t\t<\/div>\n\t\t\t\t\t<\/div>\n\t\t<\/div>\n\t\t\t\t<div class=\"elementor-column elementor-col-33 elementor-top-column elementor-element elementor-element-5421c51b\" data-id=\"5421c51b\" data-element_type=\"column\" data-settings=\"{&quot;background_background&quot;:&quot;classic&quot;}\">\n\t\t\t<div class=\"elementor-widget-wrap\">\n\t\t\t\t\t\t\t<\/div>\n\t\t<\/div>\n\t\t\t\t\t<\/div>\n\t\t<\/section>\n\t\t\t\t<section class=\"elementor-section elementor-top-section elementor-element elementor-element-3cf1c906 elementor-section-boxed elementor-section-height-default elementor-section-height-default\" data-id=\"3cf1c906\" data-element_type=\"section\" data-settings=\"{&quot;background_background&quot;:&quot;classic&quot;}\">\n\t\t\t\t\t\t<div class=\"elementor-container elementor-column-gap-default\">\n\t\t\t\t\t<div class=\"elementor-column elementor-col-100 elementor-top-column elementor-element elementor-element-395e9e5f\" data-id=\"395e9e5f\" data-element_type=\"column\">\n\t\t\t<div class=\"elementor-widget-wrap elementor-element-populated\">\n\t\t\t\t\t\t<div class=\"elementor-element elementor-element-48bb5b19 elementor-widget elementor-widget-image\" data-id=\"48bb5b19\" data-element_type=\"widget\" data-widget_type=\"image.default\">\n\t\t\t\t<div class=\"elementor-widget-container\">\n\t\t\t\t\t\t\t\t\t\t\t\t\t<img fetchpriority=\"high\" decoding=\"async\" width=\"602\" height=\"119\" src=\"https:\/\/goldenbay.com.cy\/wp-content\/uploads\/2020\/11\/goldenbay-section-logo-1.png\" class=\"attachment-large size-large wp-image-577\" alt=\"\" srcset=\"https:\/\/goldenbay.com.cy\/wp-content\/uploads\/2020\/11\/goldenbay-section-logo-1.png 602w, https:\/\/goldenbay.com.cy\/wp-content\/uploads\/2020\/11\/goldenbay-section-logo-1-360x71.png 360w\" sizes=\"(max-width: 602px) 100vw, 602px\" \/>\t\t\t\t\t\t\t\t\t\t\t\t\t<\/div>\n\t\t\t\t<\/div>\n\t\t\t\t\t<\/div>\n\t\t<\/div>\n\t\t\t\t\t<\/div>\n\t\t<\/section>\n\t\t\t\t<\/div>\n\t\t","protected":false},"excerpt":{"rendered":"<p>\u00dcber Larnaca unsere Position Das Golden Bay Beach Hotel liegt am Rande des touristischen Teils von Larnaca, direkt an einem langen und breiten Sandstrand. Das Hotel befindet sich nur 10 km vom Stadtzentrum, 15 km vom internationalen Flughafen Larnaca und 30 Minuten von der Hauptstadt Nicosia entfernt, dieses\u00a0 renommierte F\u00fcnf-Sterne Hotel ist bekannt f\u00fcr seine [&hellip;]<\/p>\n","protected":false},"author":2,"featured_media":0,"parent":0,"menu_order":0,"comment_status":"closed","ping_status":"closed","template":"","meta":{"_acf_changed":false,"footnotes":""},"class_list":["post-2349","page","type-page","status-publish","hentry"],"acf":[],"yoast_head":"<!-- This site is optimized with the Yoast SEO Premium plugin v27.0 (Yoast SEO v27.1.1) - https:\/\/yoast.com\/product\/yoast-seo-premium-wordpress\/ -->\n<title>Golden Bay Beach 5 star Hotel in Larnaca - Location<\/title>\n<meta name=\"description\" content=\"Golden Bay Beach 5 star luxury Hotel is nestled on the edge of the tourist part of Larnaca, right on a long and wide sandy beach.\" \/>\n<meta name=\"robots\" content=\"index, follow, max-snippet:-1, max-image-preview:large, max-video-preview:-1\" \/>\n<link rel=\"canonical\" href=\"https:\/\/goldenbay.com.cy\/de\/lage\/\" \/>\n<meta property=\"og:locale\" content=\"de_DE\" \/>\n<meta property=\"og:type\" content=\"article\" \/>\n<meta property=\"og:title\" content=\"Lage\" \/>\n<meta property=\"og:description\" content=\"Golden Bay Beach 5 star luxury Hotel is nestled on the edge of the tourist part of Larnaca, right on a long and wide sandy beach.\" \/>\n<meta property=\"og:url\" content=\"https:\/\/goldenbay.com.cy\/de\/lage\/\" \/>\n<meta property=\"og:site_name\" content=\"Golden Bay Beach Hotel\" \/>\n<meta property=\"article:publisher\" content=\"https:\/\/www.facebook.com\/GoldenBayCyprus\/\" \/>\n<meta property=\"article:modified_time\" content=\"2021-01-17T16:55:24+00:00\" \/>\n<meta property=\"og:image\" content=\"https:\/\/goldenbay.com.cy\/wp-content\/uploads\/2020\/11\/goldenbay-section-logo-1.png\" \/>\n<meta name=\"twitter:card\" content=\"summary_large_image\" \/>\n<meta name=\"twitter:site\" content=\"@goldenbaycyprus\" \/>\n<meta name=\"twitter:label1\" content=\"Gesch\u00e4tzte Lesezeit\" \/>\n\t<meta name=\"twitter:data1\" content=\"4\u00a0Minuten\" \/>\n<script type=\"application\/ld+json\" class=\"yoast-schema-graph\">{\"@context\":\"https:\/\/schema.org\",\"@graph\":[{\"@type\":\"WebPage\",\"@id\":\"https:\/\/goldenbay.com.cy\/de\/lage\/\",\"url\":\"https:\/\/goldenbay.com.cy\/de\/lage\/\",\"name\":\"Golden Bay Beach 5 star Hotel in Larnaca - Location\",\"isPartOf\":{\"@id\":\"https:\/\/goldenbay.com.cy\/#website\"},\"primaryImageOfPage\":{\"@id\":\"https:\/\/goldenbay.com.cy\/de\/lage\/#primaryimage\"},\"image\":{\"@id\":\"https:\/\/goldenbay.com.cy\/de\/lage\/#primaryimage\"},\"thumbnailUrl\":\"https:\/\/goldenbay.com.cy\/wp-content\/uploads\/2020\/11\/goldenbay-section-logo-1.png\",\"datePublished\":\"2020-11-05T07:46:31+00:00\",\"dateModified\":\"2021-01-17T16:55:24+00:00\",\"description\":\"Golden Bay Beach 5 star luxury Hotel is nestled on the edge of the tourist part of Larnaca, right on a long and wide sandy beach.\",\"breadcrumb\":{\"@id\":\"https:\/\/goldenbay.com.cy\/de\/lage\/#breadcrumb\"},\"inLanguage\":\"de\",\"potentialAction\":[{\"@type\":\"ReadAction\",\"target\":[\"https:\/\/goldenbay.com.cy\/de\/lage\/\"]}]},{\"@type\":\"ImageObject\",\"inLanguage\":\"de\",\"@id\":\"https:\/\/goldenbay.com.cy\/de\/lage\/#primaryimage\",\"url\":\"https:\/\/goldenbay.com.cy\/wp-content\/uploads\/2020\/11\/goldenbay-section-logo-1.png\",\"contentUrl\":\"https:\/\/goldenbay.com.cy\/wp-content\/uploads\/2020\/11\/goldenbay-section-logo-1.png\"},{\"@type\":\"BreadcrumbList\",\"@id\":\"https:\/\/goldenbay.com.cy\/de\/lage\/#breadcrumb\",\"itemListElement\":[{\"@type\":\"ListItem\",\"position\":1,\"name\":\"Home\",\"item\":\"https:\/\/goldenbay.com.cy\/de\/\"},{\"@type\":\"ListItem\",\"position\":2,\"name\":\"Lage\"}]},{\"@type\":\"WebSite\",\"@id\":\"https:\/\/goldenbay.com.cy\/#website\",\"url\":\"https:\/\/goldenbay.com.cy\/\",\"name\":\"Golden Bay Beach Hotel\",\"description\":\"Just another WordPress site\",\"publisher\":{\"@id\":\"https:\/\/goldenbay.com.cy\/#organization\"},\"potentialAction\":[{\"@type\":\"SearchAction\",\"target\":{\"@type\":\"EntryPoint\",\"urlTemplate\":\"https:\/\/goldenbay.com.cy\/?s={search_term_string}\"},\"query-input\":{\"@type\":\"PropertyValueSpecification\",\"valueRequired\":true,\"valueName\":\"search_term_string\"}}],\"inLanguage\":\"de\"},{\"@type\":\"Organization\",\"@id\":\"https:\/\/goldenbay.com.cy\/#organization\",\"name\":\"Golden Bay Beach Hotel\",\"alternateName\":\"Golden Bay Beach Hotel in Larnaca\",\"url\":\"https:\/\/goldenbay.com.cy\/\",\"logo\":{\"@type\":\"ImageObject\",\"inLanguage\":\"de\",\"@id\":\"https:\/\/goldenbay.com.cy\/#\/schema\/logo\/image\/\",\"url\":\"https:\/\/goldenbay.com.cy\/wp-content\/uploads\/2026\/03\/gblogo-square-696.jpg\",\"contentUrl\":\"https:\/\/goldenbay.com.cy\/wp-content\/uploads\/2026\/03\/gblogo-square-696.jpg\",\"width\":696,\"height\":696,\"caption\":\"Golden Bay Beach Hotel\"},\"image\":{\"@id\":\"https:\/\/goldenbay.com.cy\/#\/schema\/logo\/image\/\"},\"sameAs\":[\"https:\/\/www.facebook.com\/GoldenBayCyprus\/\",\"https:\/\/x.com\/goldenbaycyprus\",\"https:\/\/www.instagram.com\/goldenbaycyprus\/\",\"https:\/\/www.linkedin.com\/company\/golden-bay-beach-hotel\/\",\"https:\/\/www.youtube.com\/user\/goldenbaycyprus\"],\"description\":\"Golden Bay Beach Hotel is a 5-star luxury beachfront hotel located on Dhekelia Road in Larnaca, Cyprus. The hotel features 193 rooms across 10 room categories, 4 restaurants, 3 bars, a full-service spa, indoor and outdoor pools, conference facilities, and direct sandy beach access. It operates under Cyprus Tourism Organisation license #172.\",\"email\":\"info@goldenbay.com.cy\",\"telephone\":\"+357 24645444\",\"legalName\":\"Golden Bay Beach Hotel\",\"numberOfEmployees\":{\"@type\":\"QuantitativeValue\",\"minValue\":\"11\",\"maxValue\":\"50\"}}]}<\/script>\n<!-- \/ Yoast SEO Premium plugin. -->","yoast_head_json":{"title":"Golden Bay Beach 5 star Hotel in Larnaca - Location","description":"Golden Bay Beach 5 star luxury Hotel is nestled on the edge of the tourist part of Larnaca, right on a long and wide sandy beach.","robots":{"index":"index","follow":"follow","max-snippet":"max-snippet:-1","max-image-preview":"max-image-preview:large","max-video-preview":"max-video-preview:-1"},"canonical":"https:\/\/goldenbay.com.cy\/de\/lage\/","og_locale":"de_DE","og_type":"article","og_title":"Lage","og_description":"Golden Bay Beach 5 star luxury Hotel is nestled on the edge of the tourist part of Larnaca, right on a long and wide sandy beach.","og_url":"https:\/\/goldenbay.com.cy\/de\/lage\/","og_site_name":"Golden Bay Beach Hotel","article_publisher":"https:\/\/www.facebook.com\/GoldenBayCyprus\/","article_modified_time":"2021-01-17T16:55:24+00:00","og_image":[{"url":"https:\/\/goldenbay.com.cy\/wp-content\/uploads\/2020\/11\/goldenbay-section-logo-1.png","type":"","width":"","height":""}],"twitter_card":"summary_large_image","twitter_site":"@goldenbaycyprus","twitter_misc":{"Gesch\u00e4tzte Lesezeit":"4\u00a0Minuten"},"schema":{"@context":"https:\/\/schema.org","@graph":[{"@type":"WebPage","@id":"https:\/\/goldenbay.com.cy\/de\/lage\/","url":"https:\/\/goldenbay.com.cy\/de\/lage\/","name":"Golden Bay Beach 5 star Hotel in Larnaca - Location","isPartOf":{"@id":"https:\/\/goldenbay.com.cy\/#website"},"primaryImageOfPage":{"@id":"https:\/\/goldenbay.com.cy\/de\/lage\/#primaryimage"},"image":{"@id":"https:\/\/goldenbay.com.cy\/de\/lage\/#primaryimage"},"thumbnailUrl":"https:\/\/goldenbay.com.cy\/wp-content\/uploads\/2020\/11\/goldenbay-section-logo-1.png","datePublished":"2020-11-05T07:46:31+00:00","dateModified":"2021-01-17T16:55:24+00:00","description":"Golden Bay Beach 5 star luxury Hotel is nestled on the edge of the tourist part of Larnaca, right on a long and wide sandy beach.","breadcrumb":{"@id":"https:\/\/goldenbay.com.cy\/de\/lage\/#breadcrumb"},"inLanguage":"de","potentialAction":[{"@type":"ReadAction","target":["https:\/\/goldenbay.com.cy\/de\/lage\/"]}]},{"@type":"ImageObject","inLanguage":"de","@id":"https:\/\/goldenbay.com.cy\/de\/lage\/#primaryimage","url":"https:\/\/goldenbay.com.cy\/wp-content\/uploads\/2020\/11\/goldenbay-section-logo-1.png","contentUrl":"https:\/\/goldenbay.com.cy\/wp-content\/uploads\/2020\/11\/goldenbay-section-logo-1.png"},{"@type":"BreadcrumbList","@id":"https:\/\/goldenbay.com.cy\/de\/lage\/#breadcrumb","itemListElement":[{"@type":"ListItem","position":1,"name":"Home","item":"https:\/\/goldenbay.com.cy\/de\/"},{"@type":"ListItem","position":2,"name":"Lage"}]},{"@type":"WebSite","@id":"https:\/\/goldenbay.com.cy\/#website","url":"https:\/\/goldenbay.com.cy\/","name":"Golden Bay Beach Hotel","description":"Just another WordPress site","publisher":{"@id":"https:\/\/goldenbay.com.cy\/#organization"},"potentialAction":[{"@type":"SearchAction","target":{"@type":"EntryPoint","urlTemplate":"https:\/\/goldenbay.com.cy\/?s={search_term_string}"},"query-input":{"@type":"PropertyValueSpecification","valueRequired":true,"valueName":"search_term_string"}}],"inLanguage":"de"},{"@type":"Organization","@id":"https:\/\/goldenbay.com.cy\/#organization","name":"Golden Bay Beach Hotel","alternateName":"Golden Bay Beach Hotel in Larnaca","url":"https:\/\/goldenbay.com.cy\/","logo":{"@type":"ImageObject","inLanguage":"de","@id":"https:\/\/goldenbay.com.cy\/#\/schema\/logo\/image\/","url":"https:\/\/goldenbay.com.cy\/wp-content\/uploads\/2026\/03\/gblogo-square-696.jpg","contentUrl":"https:\/\/goldenbay.com.cy\/wp-content\/uploads\/2026\/03\/gblogo-square-696.jpg","width":696,"height":696,"caption":"Golden Bay Beach Hotel"},"image":{"@id":"https:\/\/goldenbay.com.cy\/#\/schema\/logo\/image\/"},"sameAs":["https:\/\/www.facebook.com\/GoldenBayCyprus\/","https:\/\/x.com\/goldenbaycyprus","https:\/\/www.instagram.com\/goldenbaycyprus\/","https:\/\/www.linkedin.com\/company\/golden-bay-beach-hotel\/","https:\/\/www.youtube.com\/user\/goldenbaycyprus"],"description":"Golden Bay Beach Hotel is a 5-star luxury beachfront hotel located on Dhekelia Road in Larnaca, Cyprus. The hotel features 193 rooms across 10 room categories, 4 restaurants, 3 bars, a full-service spa, indoor and outdoor pools, conference facilities, and direct sandy beach access. It operates under Cyprus Tourism Organisation license #172.","email":"info@goldenbay.com.cy","telephone":"+357 24645444","legalName":"Golden Bay Beach Hotel","numberOfEmployees":{"@type":"QuantitativeValue","minValue":"11","maxValue":"50"}}]}},"_links":{"self":[{"href":"https:\/\/goldenbay.com.cy\/de\/wp-json\/wp\/v2\/pages\/2349","targetHints":{"allow":["GET"]}}],"collection":[{"href":"https:\/\/goldenbay.com.cy\/de\/wp-json\/wp\/v2\/pages"}],"about":[{"href":"https:\/\/goldenbay.com.cy\/de\/wp-json\/wp\/v2\/types\/page"}],"author":[{"embeddable":true,"href":"https:\/\/goldenbay.com.cy\/de\/wp-json\/wp\/v2\/users\/2"}],"replies":[{"embeddable":true,"href":"https:\/\/goldenbay.com.cy\/de\/wp-json\/wp\/v2\/comments?post=2349"}],"version-history":[{"count":0,"href":"https:\/\/goldenbay.com.cy\/de\/wp-json\/wp\/v2\/pages\/2349\/revisions"}],"wp:attachment":[{"href":"https:\/\/goldenbay.com.cy\/de\/wp-json\/wp\/v2\/media?parent=2349"}],"curies":[{"name":"wp","href":"https:\/\/api.w.org\/{rel}","templated":true}]}}