{"id":4625,"date":"2021-07-29T10:53:10","date_gmt":"2021-07-29T07:53:10","guid":{"rendered":"https:\/\/goldenbay.com.cy\/pre-check-in\/"},"modified":"2021-07-29T16:14:41","modified_gmt":"2021-07-29T13:14:41","slug":"pre-check-in","status":"publish","type":"page","link":"https:\/\/goldenbay.com.cy\/de\/pre-check-in\/","title":{"rendered":"Vorab-Check-In"},"content":{"rendered":"\t\t<div data-elementor-type=\"wp-page\" data-elementor-id=\"4625\" class=\"elementor elementor-4625 elementor-4590\" data-elementor-post-type=\"page\">\n\t\t\t\t\t\t<section class=\"elementor-section elementor-top-section elementor-element elementor-element-669f42f4 elementor-section-full_width elementor-section-content-middle elementor-section-height-min-height ntr-elclass-scale-bg-overlay elementor-section-height-default elementor-section-items-middle\" data-id=\"669f42f4\" data-element_type=\"section\" data-settings=\"{&quot;background_background&quot;:&quot;classic&quot;}\">\n\t\t\t\t\t\t\t<div class=\"elementor-background-overlay\"><\/div>\n\t\t\t\t\t\t\t<div class=\"elementor-container elementor-column-gap-default\">\n\t\t\t\t\t<div class=\"elementor-column elementor-col-100 elementor-top-column elementor-element elementor-element-1271addc\" data-id=\"1271addc\" data-element_type=\"column\">\n\t\t\t<div class=\"elementor-widget-wrap elementor-element-populated\">\n\t\t\t\t\t\t<section class=\"elementor-section elementor-inner-section elementor-element elementor-element-54ac8c20 elementor-section-boxed elementor-section-height-default elementor-section-height-default\" data-id=\"54ac8c20\" data-element_type=\"section\">\n\t\t\t\t\t\t<div class=\"elementor-container elementor-column-gap-default\">\n\t\t\t\t\t<div class=\"elementor-column elementor-col-33 elementor-inner-column elementor-element elementor-element-60fec50b\" data-id=\"60fec50b\" data-element_type=\"column\">\n\t\t\t<div class=\"elementor-widget-wrap\">\n\t\t\t\t\t\t\t<\/div>\n\t\t<\/div>\n\t\t\t\t<div class=\"elementor-column elementor-col-33 elementor-inner-column elementor-element elementor-element-2ea6adc3\" data-id=\"2ea6adc3\" data-element_type=\"column\">\n\t\t\t<div class=\"elementor-widget-wrap elementor-element-populated\">\n\t\t\t\t\t\t<div class=\"elementor-element elementor-element-1a471287 elementor-widget elementor-widget-theme-post-title elementor-page-title elementor-widget-heading\" data-id=\"1a471287\" data-element_type=\"widget\" data-widget_type=\"theme-post-title.default\">\n\t\t\t\t<div class=\"elementor-widget-container\">\n\t\t\t<h1 class=\"elementor-heading-title elementor-size-default\">Vorab-Check-In<\/h1>\t\t<\/div>\n\t\t\t\t<\/div>\n\t\t\t\t\t<\/div>\n\t\t<\/div>\n\t\t\t\t<div class=\"elementor-column elementor-col-33 elementor-inner-column elementor-element elementor-element-443d23d8\" data-id=\"443d23d8\" data-element_type=\"column\">\n\t\t\t<div class=\"elementor-widget-wrap\">\n\t\t\t\t\t\t\t<\/div>\n\t\t<\/div>\n\t\t\t\t\t<\/div>\n\t\t<\/section>\n\t\t\t\t\t<\/div>\n\t\t<\/div>\n\t\t\t\t\t<\/div>\n\t\t<\/section>\n\t\t\t\t<section class=\"elementor-section elementor-top-section elementor-element elementor-element-658e0684 elementor-section-boxed elementor-section-height-default elementor-section-height-default\" data-id=\"658e0684\" data-element_type=\"section\" data-settings=\"{&quot;background_background&quot;:&quot;classic&quot;}\">\n\t\t\t\t\t\t<div class=\"elementor-container elementor-column-gap-default\">\n\t\t\t\t\t<div class=\"elementor-column elementor-col-100 elementor-top-column elementor-element elementor-element-f8f4747\" data-id=\"f8f4747\" data-element_type=\"column\">\n\t\t\t<div class=\"elementor-widget-wrap elementor-element-populated\">\n\t\t\t\t\t\t<div class=\"elementor-element elementor-element-f9b7edb elementor-widget elementor-widget-heading\" data-id=\"f9b7edb\" data-element_type=\"widget\" data-widget_type=\"heading.default\">\n\t\t\t\t<div class=\"elementor-widget-container\">\n\t\t\t<h3 class=\"elementor-heading-title elementor-size-default\">Vorab-Check-In<\/h3>\t\t<\/div>\n\t\t\t\t<\/div>\n\t\t\t\t<div class=\"elementor-element elementor-element-f9ced50 elementor-widget elementor-widget-text-editor\" data-id=\"f9ced50\" data-element_type=\"widget\" data-widget_type=\"text-editor.default\">\n\t\t\t\t<div class=\"elementor-widget-container\">\n\t\t\t\t\t\t\t<p>Wir sch\u00e4tzen den Komfort und die Sicherheit unserer gesch\u00e4tzten G\u00e4ste in Lordos Hotels und machen den Registrierungsprozess vor dem Check-in schnell und einfach.<\/p>\t\t\t\t\t\t<\/div>\n\t\t\t\t<\/div>\n\t\t\t\t\t<\/div>\n\t\t<\/div>\n\t\t\t\t\t<\/div>\n\t\t<\/section>\n\t\t\t\t<section class=\"elementor-section elementor-top-section elementor-element elementor-element-150c8d10 elementor-section-boxed elementor-section-height-default elementor-section-height-default\" data-id=\"150c8d10\" data-element_type=\"section\" data-settings=\"{&quot;background_background&quot;:&quot;classic&quot;}\">\n\t\t\t\t\t\t<div class=\"elementor-container elementor-column-gap-default\">\n\t\t\t\t\t<div class=\"elementor-column elementor-col-100 elementor-top-column elementor-element elementor-element-564b93ae\" data-id=\"564b93ae\" data-element_type=\"column\">\n\t\t\t<div class=\"elementor-widget-wrap elementor-element-populated\">\n\t\t\t\t\t\t<section class=\"elementor-section elementor-inner-section elementor-element elementor-element-2e01e3c4 elementor-section-boxed elementor-section-height-default elementor-section-height-default\" data-id=\"2e01e3c4\" data-element_type=\"section\">\n\t\t\t\t\t\t<div class=\"elementor-container elementor-column-gap-default\">\n\t\t\t\t\t<div class=\"elementor-column elementor-col-50 elementor-inner-column elementor-element elementor-element-43d8589b\" data-id=\"43d8589b\" data-element_type=\"column\">\n\t\t\t<div class=\"elementor-widget-wrap elementor-element-populated\">\n\t\t\t\t\t\t<div class=\"elementor-element elementor-element-59fcf168 elementor-widget elementor-widget-heading\" data-id=\"59fcf168\" data-element_type=\"widget\" data-widget_type=\"heading.default\">\n\t\t\t\t<div class=\"elementor-widget-container\">\n\t\t\t<h2 class=\"elementor-heading-title elementor-size-default\">Android und Apple<\/h2>\t\t<\/div>\n\t\t\t\t<\/div>\n\t\t\t\t<div class=\"elementor-element elementor-element-65866e6e elementor-widget elementor-widget-text-editor\" data-id=\"65866e6e\" data-element_type=\"widget\" data-widget_type=\"text-editor.default\">\n\t\t\t\t<div class=\"elementor-widget-container\">\n\t\t\t\t\t\t\t<p>Scannen Sie den QR-Code oder um unsere Anwendung (verf\u00fcgbar f\u00fcr Android und Apple) f\u00fcr den Pre-Check-In herunterzuladen.<\/p>\t\t\t\t\t\t<\/div>\n\t\t\t\t<\/div>\n\t\t\t\t<div class=\"elementor-element elementor-element-38ae3aa elementor-align-left elementor-widget elementor-widget-button\" data-id=\"38ae3aa\" data-element_type=\"widget\" data-widget_type=\"button.default\">\n\t\t\t\t<div class=\"elementor-widget-container\">\n\t\t\t\t\t<div class=\"elementor-button-wrapper\">\n\t\t\t<a class=\"elementor-button elementor-button-link elementor-size-lg\" href=\"http:\/\/lhhapp.kioskcms.biz\/\" target=\"_blank\">\n\t\t\t\t\t\t<span class=\"elementor-button-content-wrapper\">\n\t\t\t\t\t\t<span class=\"elementor-button-text\">SCHALTFL\u00c4CHE ZUM HERUNTERLADEN<\/span>\n\t\t<\/span>\n\t\t\t\t\t<\/a>\n\t\t<\/div>\n\t\t\t\t<\/div>\n\t\t\t\t<\/div>\n\t\t\t\t\t<\/div>\n\t\t<\/div>\n\t\t\t\t<div class=\"elementor-column elementor-col-50 elementor-inner-column elementor-element elementor-element-3efc91cf\" data-id=\"3efc91cf\" data-element_type=\"column\">\n\t\t\t<div class=\"elementor-widget-wrap elementor-element-populated\">\n\t\t\t\t\t\t<div class=\"elementor-element elementor-element-206faa6c elementor-widget elementor-widget-image\" data-id=\"206faa6c\" data-element_type=\"widget\" data-widget_type=\"image.default\">\n\t\t\t\t<div class=\"elementor-widget-container\">\n\t\t\t\t\t\t\t\t\t\t\t\t\t<img fetchpriority=\"high\" decoding=\"async\" width=\"600\" height=\"600\" src=\"https:\/\/goldenbay.com.cy\/wp-content\/uploads\/2021\/07\/LHH-QRCODE.png\" class=\"attachment-large size-large wp-image-4618\" alt=\"\" srcset=\"https:\/\/goldenbay.com.cy\/wp-content\/uploads\/2021\/07\/LHH-QRCODE.png 600w, https:\/\/goldenbay.com.cy\/wp-content\/uploads\/2021\/07\/LHH-QRCODE-300x300.png 300w, https:\/\/goldenbay.com.cy\/wp-content\/uploads\/2021\/07\/LHH-QRCODE-150x150.png 150w\" sizes=\"(max-width: 600px) 100vw, 600px\" \/>\t\t\t\t\t\t\t\t\t\t\t\t\t<\/div>\n\t\t\t\t<\/div>\n\t\t\t\t\t<\/div>\n\t\t<\/div>\n\t\t\t\t\t<\/div>\n\t\t<\/section>\n\t\t\t\t<section class=\"elementor-section elementor-inner-section elementor-element elementor-element-bbb507b elementor-section-boxed elementor-section-height-default elementor-section-height-default\" data-id=\"bbb507b\" data-element_type=\"section\">\n\t\t\t\t\t\t<div class=\"elementor-container elementor-column-gap-default\">\n\t\t\t\t\t<div class=\"elementor-column elementor-col-50 elementor-inner-column elementor-element elementor-element-7d11649\" data-id=\"7d11649\" data-element_type=\"column\">\n\t\t\t<div class=\"elementor-widget-wrap elementor-element-populated\">\n\t\t\t\t\t\t<div class=\"elementor-element elementor-element-100a2ba elementor-widget elementor-widget-heading\" data-id=\"100a2ba\" data-element_type=\"widget\" data-widget_type=\"heading.default\">\n\t\t\t\t<div class=\"elementor-widget-container\">\n\t\t\t<h2 class=\"elementor-heading-title elementor-size-default\">Computer oder Laptop <\/h2>\t\t<\/div>\n\t\t\t\t<\/div>\n\t\t\t\t<div class=\"elementor-element elementor-element-69a86e0 elementor-widget elementor-widget-text-editor\" data-id=\"69a86e0\" data-element_type=\"widget\" data-widget_type=\"text-editor.default\">\n\t\t\t\t<div class=\"elementor-widget-container\">\n\t\t\t\t\t\t\t<p>F\u00fchren Sie den Pre-Check-In von Ihrem Computer oder Laptop aus.<\/p>\t\t\t\t\t\t<\/div>\n\t\t\t\t<\/div>\n\t\t\t\t<div class=\"elementor-element elementor-element-fcef930 elementor-align-left elementor-widget elementor-widget-button\" data-id=\"fcef930\" data-element_type=\"widget\" data-widget_type=\"button.default\">\n\t\t\t\t<div class=\"elementor-widget-container\">\n\t\t\t\t\t<div class=\"elementor-button-wrapper\">\n\t\t\t<a class=\"elementor-button elementor-button-link elementor-size-lg\" href=\"https:\/\/app4hotels.one\/LordosHotels\/CheckIn\" target=\"_blank\">\n\t\t\t\t\t\t<span class=\"elementor-button-content-wrapper\">\n\t\t\t\t\t\t<span class=\"elementor-button-text\">VORAB-CHECK-IN<\/span>\n\t\t<\/span>\n\t\t\t\t\t<\/a>\n\t\t<\/div>\n\t\t\t\t<\/div>\n\t\t\t\t<\/div>\n\t\t\t\t\t<\/div>\n\t\t<\/div>\n\t\t\t\t<div class=\"elementor-column elementor-col-50 elementor-inner-column elementor-element elementor-element-639b5fe\" data-id=\"639b5fe\" data-element_type=\"column\">\n\t\t\t<div class=\"elementor-widget-wrap\">\n\t\t\t\t\t\t\t<\/div>\n\t\t<\/div>\n\t\t\t\t\t<\/div>\n\t\t<\/section>\n\t\t\t\t\t<\/div>\n\t\t<\/div>\n\t\t\t\t\t<\/div>\n\t\t<\/section>\n\t\t\t\t<section class=\"elementor-section elementor-top-section elementor-element elementor-element-59c00799 elementor-section-boxed elementor-section-height-default elementor-section-height-default\" data-id=\"59c00799\" data-element_type=\"section\" data-settings=\"{&quot;background_background&quot;:&quot;classic&quot;}\">\n\t\t\t\t\t\t<div class=\"elementor-container elementor-column-gap-default\">\n\t\t\t\t\t<div class=\"elementor-column elementor-col-100 elementor-top-column elementor-element elementor-element-85b202b\" data-id=\"85b202b\" data-element_type=\"column\">\n\t\t\t<div class=\"elementor-widget-wrap elementor-element-populated\">\n\t\t\t\t\t\t<div class=\"elementor-element elementor-element-7450eec7 elementor-widget elementor-widget-image\" data-id=\"7450eec7\" data-element_type=\"widget\" data-widget_type=\"image.default\">\n\t\t\t\t<div class=\"elementor-widget-container\">\n\t\t\t\t\t\t\t\t\t\t\t\t\t<img decoding=\"async\" width=\"602\" height=\"119\" src=\"https:\/\/goldenbay.com.cy\/wp-content\/uploads\/2020\/11\/goldenbay-section-logo-1.png\" class=\"attachment-large size-large wp-image-577\" alt=\"\" srcset=\"https:\/\/goldenbay.com.cy\/wp-content\/uploads\/2020\/11\/goldenbay-section-logo-1.png 602w, https:\/\/goldenbay.com.cy\/wp-content\/uploads\/2020\/11\/goldenbay-section-logo-1-360x71.png 360w\" sizes=\"(max-width: 602px) 100vw, 602px\" \/>\t\t\t\t\t\t\t\t\t\t\t\t\t<\/div>\n\t\t\t\t<\/div>\n\t\t\t\t\t<\/div>\n\t\t<\/div>\n\t\t\t\t\t<\/div>\n\t\t<\/section>\n\t\t\t\t<\/div>\n\t\t","protected":false},"excerpt":{"rendered":"<p>Vorab-Check-In Wir sch\u00e4tzen den Komfort und die Sicherheit unserer gesch\u00e4tzten G\u00e4ste in Lordos Hotels und machen den Registrierungsprozess vor dem Check-in schnell und einfach. Android und Apple Scannen Sie den QR-Code oder um unsere Anwendung (verf\u00fcgbar f\u00fcr Android und Apple) f\u00fcr den Pre-Check-In herunterzuladen. SCHALTFL\u00c4CHE ZUM HERUNTERLADEN Computer oder Laptop F\u00fchren Sie den Pre-Check-In von [&hellip;]<\/p>\n","protected":false},"author":3,"featured_media":0,"parent":0,"menu_order":0,"comment_status":"closed","ping_status":"closed","template":"","meta":{"_acf_changed":false,"footnotes":""},"class_list":["post-4625","page","type-page","status-publish","hentry"],"acf":[],"yoast_head":"<!-- This site is optimized with the Yoast SEO Premium plugin v27.0 (Yoast SEO v27.1.1) - https:\/\/yoast.com\/product\/yoast-seo-premium-wordpress\/ -->\n<title>Vorab-Check-In - Golden Bay Beach Hotel<\/title>\n<meta name=\"robots\" content=\"index, follow, max-snippet:-1, max-image-preview:large, max-video-preview:-1\" \/>\n<link rel=\"canonical\" href=\"https:\/\/goldenbay.com.cy\/de\/pre-check-in\/\" \/>\n<meta property=\"og:locale\" content=\"de_DE\" \/>\n<meta property=\"og:type\" content=\"article\" \/>\n<meta property=\"og:title\" content=\"Vorab-Check-In\" \/>\n<meta property=\"og:description\" content=\"Vorab-Check-In Wir sch\u00e4tzen den Komfort und die Sicherheit unserer gesch\u00e4tzten G\u00e4ste in Lordos Hotels und machen den Registrierungsprozess vor dem Check-in schnell und einfach. Android und Apple Scannen Sie den QR-Code oder um unsere Anwendung (verf\u00fcgbar f\u00fcr Android und Apple) f\u00fcr den Pre-Check-In herunterzuladen. SCHALTFL\u00c4CHE ZUM HERUNTERLADEN Computer oder Laptop F\u00fchren Sie den Pre-Check-In von [&hellip;]\" \/>\n<meta property=\"og:url\" content=\"https:\/\/goldenbay.com.cy\/de\/pre-check-in\/\" \/>\n<meta property=\"og:site_name\" content=\"Golden Bay Beach Hotel\" \/>\n<meta property=\"article:publisher\" content=\"https:\/\/www.facebook.com\/GoldenBayCyprus\/\" \/>\n<meta property=\"article:modified_time\" content=\"2021-07-29T13:14:41+00:00\" \/>\n<meta property=\"og:image\" content=\"https:\/\/goldenbay.com.cy\/wp-content\/uploads\/2021\/07\/LHH-QRCODE.png\" \/>\n<meta name=\"twitter:card\" content=\"summary_large_image\" \/>\n<meta name=\"twitter:site\" content=\"@goldenbaycyprus\" \/>\n<meta name=\"twitter:label1\" content=\"Gesch\u00e4tzte Lesezeit\" \/>\n\t<meta name=\"twitter:data1\" content=\"1\u00a0Minute\" \/>\n<script type=\"application\/ld+json\" class=\"yoast-schema-graph\">{\"@context\":\"https:\/\/schema.org\",\"@graph\":[{\"@type\":\"WebPage\",\"@id\":\"https:\/\/goldenbay.com.cy\/de\/pre-check-in\/\",\"url\":\"https:\/\/goldenbay.com.cy\/de\/pre-check-in\/\",\"name\":\"Vorab-Check-In - Golden Bay Beach Hotel\",\"isPartOf\":{\"@id\":\"https:\/\/goldenbay.com.cy\/#website\"},\"primaryImageOfPage\":{\"@id\":\"https:\/\/goldenbay.com.cy\/de\/pre-check-in\/#primaryimage\"},\"image\":{\"@id\":\"https:\/\/goldenbay.com.cy\/de\/pre-check-in\/#primaryimage\"},\"thumbnailUrl\":\"https:\/\/goldenbay.com.cy\/wp-content\/uploads\/2021\/07\/LHH-QRCODE.png\",\"datePublished\":\"2021-07-29T07:53:10+00:00\",\"dateModified\":\"2021-07-29T13:14:41+00:00\",\"breadcrumb\":{\"@id\":\"https:\/\/goldenbay.com.cy\/de\/pre-check-in\/#breadcrumb\"},\"inLanguage\":\"de\",\"potentialAction\":[{\"@type\":\"ReadAction\",\"target\":[\"https:\/\/goldenbay.com.cy\/de\/pre-check-in\/\"]}]},{\"@type\":\"ImageObject\",\"inLanguage\":\"de\",\"@id\":\"https:\/\/goldenbay.com.cy\/de\/pre-check-in\/#primaryimage\",\"url\":\"https:\/\/goldenbay.com.cy\/wp-content\/uploads\/2021\/07\/LHH-QRCODE.png\",\"contentUrl\":\"https:\/\/goldenbay.com.cy\/wp-content\/uploads\/2021\/07\/LHH-QRCODE.png\"},{\"@type\":\"BreadcrumbList\",\"@id\":\"https:\/\/goldenbay.com.cy\/de\/pre-check-in\/#breadcrumb\",\"itemListElement\":[{\"@type\":\"ListItem\",\"position\":1,\"name\":\"Home\",\"item\":\"https:\/\/goldenbay.com.cy\/de\/\"},{\"@type\":\"ListItem\",\"position\":2,\"name\":\"Vorab-Check-In\"}]},{\"@type\":\"WebSite\",\"@id\":\"https:\/\/goldenbay.com.cy\/#website\",\"url\":\"https:\/\/goldenbay.com.cy\/\",\"name\":\"Golden Bay Beach Hotel\",\"description\":\"Just another WordPress site\",\"publisher\":{\"@id\":\"https:\/\/goldenbay.com.cy\/#organization\"},\"potentialAction\":[{\"@type\":\"SearchAction\",\"target\":{\"@type\":\"EntryPoint\",\"urlTemplate\":\"https:\/\/goldenbay.com.cy\/?s={search_term_string}\"},\"query-input\":{\"@type\":\"PropertyValueSpecification\",\"valueRequired\":true,\"valueName\":\"search_term_string\"}}],\"inLanguage\":\"de\"},{\"@type\":\"Organization\",\"@id\":\"https:\/\/goldenbay.com.cy\/#organization\",\"name\":\"Golden Bay Beach Hotel\",\"alternateName\":\"Golden Bay Beach Hotel in Larnaca\",\"url\":\"https:\/\/goldenbay.com.cy\/\",\"logo\":{\"@type\":\"ImageObject\",\"inLanguage\":\"de\",\"@id\":\"https:\/\/goldenbay.com.cy\/#\/schema\/logo\/image\/\",\"url\":\"https:\/\/goldenbay.com.cy\/wp-content\/uploads\/2026\/03\/gblogo-square-696.jpg\",\"contentUrl\":\"https:\/\/goldenbay.com.cy\/wp-content\/uploads\/2026\/03\/gblogo-square-696.jpg\",\"width\":696,\"height\":696,\"caption\":\"Golden Bay Beach Hotel\"},\"image\":{\"@id\":\"https:\/\/goldenbay.com.cy\/#\/schema\/logo\/image\/\"},\"sameAs\":[\"https:\/\/www.facebook.com\/GoldenBayCyprus\/\",\"https:\/\/x.com\/goldenbaycyprus\",\"https:\/\/www.instagram.com\/goldenbaycyprus\/\",\"https:\/\/www.linkedin.com\/company\/golden-bay-beach-hotel\/\",\"https:\/\/www.youtube.com\/user\/goldenbaycyprus\"],\"description\":\"Golden Bay Beach Hotel is a 5-star luxury beachfront hotel located on Dhekelia Road in Larnaca, Cyprus. The hotel features 193 rooms across 10 room categories, 4 restaurants, 3 bars, a full-service spa, indoor and outdoor pools, conference facilities, and direct sandy beach access. It operates under Cyprus Tourism Organisation license #172.\",\"email\":\"info@goldenbay.com.cy\",\"telephone\":\"+357 24645444\",\"legalName\":\"Golden Bay Beach Hotel\",\"numberOfEmployees\":{\"@type\":\"QuantitativeValue\",\"minValue\":\"11\",\"maxValue\":\"50\"}}]}<\/script>\n<!-- \/ Yoast SEO Premium plugin. -->","yoast_head_json":{"title":"Vorab-Check-In - Golden Bay Beach Hotel","robots":{"index":"index","follow":"follow","max-snippet":"max-snippet:-1","max-image-preview":"max-image-preview:large","max-video-preview":"max-video-preview:-1"},"canonical":"https:\/\/goldenbay.com.cy\/de\/pre-check-in\/","og_locale":"de_DE","og_type":"article","og_title":"Vorab-Check-In","og_description":"Vorab-Check-In Wir sch\u00e4tzen den Komfort und die Sicherheit unserer gesch\u00e4tzten G\u00e4ste in Lordos Hotels und machen den Registrierungsprozess vor dem Check-in schnell und einfach. Android und Apple Scannen Sie den QR-Code oder um unsere Anwendung (verf\u00fcgbar f\u00fcr Android und Apple) f\u00fcr den Pre-Check-In herunterzuladen. SCHALTFL\u00c4CHE ZUM HERUNTERLADEN Computer oder Laptop F\u00fchren Sie den Pre-Check-In von [&hellip;]","og_url":"https:\/\/goldenbay.com.cy\/de\/pre-check-in\/","og_site_name":"Golden Bay Beach Hotel","article_publisher":"https:\/\/www.facebook.com\/GoldenBayCyprus\/","article_modified_time":"2021-07-29T13:14:41+00:00","og_image":[{"url":"https:\/\/goldenbay.com.cy\/wp-content\/uploads\/2021\/07\/LHH-QRCODE.png","type":"","width":"","height":""}],"twitter_card":"summary_large_image","twitter_site":"@goldenbaycyprus","twitter_misc":{"Gesch\u00e4tzte Lesezeit":"1\u00a0Minute"},"schema":{"@context":"https:\/\/schema.org","@graph":[{"@type":"WebPage","@id":"https:\/\/goldenbay.com.cy\/de\/pre-check-in\/","url":"https:\/\/goldenbay.com.cy\/de\/pre-check-in\/","name":"Vorab-Check-In - Golden Bay Beach Hotel","isPartOf":{"@id":"https:\/\/goldenbay.com.cy\/#website"},"primaryImageOfPage":{"@id":"https:\/\/goldenbay.com.cy\/de\/pre-check-in\/#primaryimage"},"image":{"@id":"https:\/\/goldenbay.com.cy\/de\/pre-check-in\/#primaryimage"},"thumbnailUrl":"https:\/\/goldenbay.com.cy\/wp-content\/uploads\/2021\/07\/LHH-QRCODE.png","datePublished":"2021-07-29T07:53:10+00:00","dateModified":"2021-07-29T13:14:41+00:00","breadcrumb":{"@id":"https:\/\/goldenbay.com.cy\/de\/pre-check-in\/#breadcrumb"},"inLanguage":"de","potentialAction":[{"@type":"ReadAction","target":["https:\/\/goldenbay.com.cy\/de\/pre-check-in\/"]}]},{"@type":"ImageObject","inLanguage":"de","@id":"https:\/\/goldenbay.com.cy\/de\/pre-check-in\/#primaryimage","url":"https:\/\/goldenbay.com.cy\/wp-content\/uploads\/2021\/07\/LHH-QRCODE.png","contentUrl":"https:\/\/goldenbay.com.cy\/wp-content\/uploads\/2021\/07\/LHH-QRCODE.png"},{"@type":"BreadcrumbList","@id":"https:\/\/goldenbay.com.cy\/de\/pre-check-in\/#breadcrumb","itemListElement":[{"@type":"ListItem","position":1,"name":"Home","item":"https:\/\/goldenbay.com.cy\/de\/"},{"@type":"ListItem","position":2,"name":"Vorab-Check-In"}]},{"@type":"WebSite","@id":"https:\/\/goldenbay.com.cy\/#website","url":"https:\/\/goldenbay.com.cy\/","name":"Golden Bay Beach Hotel","description":"Just another WordPress site","publisher":{"@id":"https:\/\/goldenbay.com.cy\/#organization"},"potentialAction":[{"@type":"SearchAction","target":{"@type":"EntryPoint","urlTemplate":"https:\/\/goldenbay.com.cy\/?s={search_term_string}"},"query-input":{"@type":"PropertyValueSpecification","valueRequired":true,"valueName":"search_term_string"}}],"inLanguage":"de"},{"@type":"Organization","@id":"https:\/\/goldenbay.com.cy\/#organization","name":"Golden Bay Beach Hotel","alternateName":"Golden Bay Beach Hotel in Larnaca","url":"https:\/\/goldenbay.com.cy\/","logo":{"@type":"ImageObject","inLanguage":"de","@id":"https:\/\/goldenbay.com.cy\/#\/schema\/logo\/image\/","url":"https:\/\/goldenbay.com.cy\/wp-content\/uploads\/2026\/03\/gblogo-square-696.jpg","contentUrl":"https:\/\/goldenbay.com.cy\/wp-content\/uploads\/2026\/03\/gblogo-square-696.jpg","width":696,"height":696,"caption":"Golden Bay Beach Hotel"},"image":{"@id":"https:\/\/goldenbay.com.cy\/#\/schema\/logo\/image\/"},"sameAs":["https:\/\/www.facebook.com\/GoldenBayCyprus\/","https:\/\/x.com\/goldenbaycyprus","https:\/\/www.instagram.com\/goldenbaycyprus\/","https:\/\/www.linkedin.com\/company\/golden-bay-beach-hotel\/","https:\/\/www.youtube.com\/user\/goldenbaycyprus"],"description":"Golden Bay Beach Hotel is a 5-star luxury beachfront hotel located on Dhekelia Road in Larnaca, Cyprus. The hotel features 193 rooms across 10 room categories, 4 restaurants, 3 bars, a full-service spa, indoor and outdoor pools, conference facilities, and direct sandy beach access. It operates under Cyprus Tourism Organisation license #172.","email":"info@goldenbay.com.cy","telephone":"+357 24645444","legalName":"Golden Bay Beach Hotel","numberOfEmployees":{"@type":"QuantitativeValue","minValue":"11","maxValue":"50"}}]}},"_links":{"self":[{"href":"https:\/\/goldenbay.com.cy\/de\/wp-json\/wp\/v2\/pages\/4625","targetHints":{"allow":["GET"]}}],"collection":[{"href":"https:\/\/goldenbay.com.cy\/de\/wp-json\/wp\/v2\/pages"}],"about":[{"href":"https:\/\/goldenbay.com.cy\/de\/wp-json\/wp\/v2\/types\/page"}],"author":[{"embeddable":true,"href":"https:\/\/goldenbay.com.cy\/de\/wp-json\/wp\/v2\/users\/3"}],"replies":[{"embeddable":true,"href":"https:\/\/goldenbay.com.cy\/de\/wp-json\/wp\/v2\/comments?post=4625"}],"version-history":[{"count":0,"href":"https:\/\/goldenbay.com.cy\/de\/wp-json\/wp\/v2\/pages\/4625\/revisions"}],"wp:attachment":[{"href":"https:\/\/goldenbay.com.cy\/de\/wp-json\/wp\/v2\/media?parent=4625"}],"curies":[{"name":"wp","href":"https:\/\/api.w.org\/{rel}","templated":true}]}}