{"id":2344,"date":"2020-12-04T10:53:39","date_gmt":"2020-12-04T10:53:39","guid":{"rendered":"https:\/\/goldenbay.com.cy\/auszeichnungen\/"},"modified":"2025-02-06T09:28:56","modified_gmt":"2025-02-06T07:28:56","slug":"auszeichnungen","status":"publish","type":"page","link":"https:\/\/goldenbay.com.cy\/ru\/auszeichnungen\/","title":{"rendered":"\u041d\u0430\u0433\u0440\u0430\u0434\u044b"},"content":{"rendered":"\t\t<div data-elementor-type=\"wp-page\" data-elementor-id=\"2344\" class=\"elementor elementor-2344 elementor-2186\" data-elementor-post-type=\"page\">\n\t\t\t\t\t\t<section class=\"elementor-section elementor-top-section elementor-element elementor-element-669f42f4 elementor-section-full_width elementor-section-content-middle elementor-section-height-min-height ntr-elclass-scale-bg-overlay elementor-section-height-default elementor-section-items-middle\" data-id=\"669f42f4\" data-element_type=\"section\" data-settings=\"{&quot;background_background&quot;:&quot;classic&quot;}\">\n\t\t\t\t\t\t\t<div class=\"elementor-background-overlay\"><\/div>\n\t\t\t\t\t\t\t<div class=\"elementor-container elementor-column-gap-default\">\n\t\t\t\t\t<div class=\"elementor-column elementor-col-100 elementor-top-column elementor-element elementor-element-1271addc\" data-id=\"1271addc\" data-element_type=\"column\">\n\t\t\t<div class=\"elementor-widget-wrap elementor-element-populated\">\n\t\t\t\t\t\t<section class=\"elementor-section elementor-inner-section elementor-element elementor-element-54ac8c20 elementor-section-boxed elementor-section-height-default elementor-section-height-default\" data-id=\"54ac8c20\" data-element_type=\"section\">\n\t\t\t\t\t\t<div class=\"elementor-container elementor-column-gap-default\">\n\t\t\t\t\t<div class=\"elementor-column elementor-col-33 elementor-inner-column elementor-element elementor-element-60fec50b\" data-id=\"60fec50b\" data-element_type=\"column\">\n\t\t\t<div class=\"elementor-widget-wrap\">\n\t\t\t\t\t\t\t<\/div>\n\t\t<\/div>\n\t\t\t\t<div class=\"elementor-column elementor-col-33 elementor-inner-column elementor-element elementor-element-2ea6adc3\" data-id=\"2ea6adc3\" data-element_type=\"column\">\n\t\t\t<div class=\"elementor-widget-wrap elementor-element-populated\">\n\t\t\t\t\t\t<div class=\"elementor-element elementor-element-1a471287 elementor-widget elementor-widget-theme-post-title elementor-page-title elementor-widget-heading\" data-id=\"1a471287\" data-element_type=\"widget\" data-widget_type=\"theme-post-title.default\">\n\t\t\t\t<div class=\"elementor-widget-container\">\n\t\t\t<h1 class=\"elementor-heading-title elementor-size-default\">\u041d\u0430\u0433\u0440\u0430\u0434\u044b<\/h1>\t\t<\/div>\n\t\t\t\t<\/div>\n\t\t\t\t\t<\/div>\n\t\t<\/div>\n\t\t\t\t<div class=\"elementor-column elementor-col-33 elementor-inner-column elementor-element elementor-element-443d23d8\" data-id=\"443d23d8\" data-element_type=\"column\">\n\t\t\t<div class=\"elementor-widget-wrap\">\n\t\t\t\t\t\t\t<\/div>\n\t\t<\/div>\n\t\t\t\t\t<\/div>\n\t\t<\/section>\n\t\t\t\t\t<\/div>\n\t\t<\/div>\n\t\t\t\t\t<\/div>\n\t\t<\/section>\n\t\t\t\t<section class=\"elementor-section elementor-top-section elementor-element elementor-element-658e0684 elementor-section-boxed elementor-section-height-default elementor-section-height-default\" data-id=\"658e0684\" data-element_type=\"section\" data-settings=\"{&quot;background_background&quot;:&quot;classic&quot;}\">\n\t\t\t\t\t\t<div class=\"elementor-container elementor-column-gap-default\">\n\t\t\t\t\t<div class=\"elementor-column elementor-col-100 elementor-top-column elementor-element elementor-element-f8f4747\" data-id=\"f8f4747\" data-element_type=\"column\">\n\t\t\t<div class=\"elementor-widget-wrap elementor-element-populated\">\n\t\t\t\t\t\t<div class=\"elementor-element elementor-element-f9b7edb elementor-widget elementor-widget-heading\" data-id=\"f9b7edb\" data-element_type=\"widget\" data-widget_type=\"heading.default\">\n\t\t\t\t<div class=\"elementor-widget-container\">\n\t\t\t<h3 class=\"elementor-heading-title elementor-size-default\">Awards<\/h3>\t\t<\/div>\n\t\t\t\t<\/div>\n\t\t\t\t<div class=\"elementor-element elementor-element-f9ced50 elementor-widget elementor-widget-text-editor\" data-id=\"f9ced50\" data-element_type=\"widget\" data-widget_type=\"text-editor.default\">\n\t\t\t\t<div class=\"elementor-widget-container\">\n\t\t\t\t\t\t\t<p>Thank you for sparing a few minutes to provide us with your invaluable feedback.<br \/>It is always a pleasure reading our guests&#8217; comments and experiences; our guests\u2019 opinions matter dearly to our establishment!<\/p>\n\t\t\t\t\t\t<\/div>\n\t\t\t\t<\/div>\n\t\t\t\t\t<\/div>\n\t\t<\/div>\n\t\t\t\t\t<\/div>\n\t\t<\/section>\n\t\t\t\t<section class=\"elementor-section elementor-top-section elementor-element elementor-element-150c8d10 elementor-hidden-desktop elementor-hidden-tablet elementor-hidden-phone elementor-section-boxed elementor-section-height-default elementor-section-height-default\" data-id=\"150c8d10\" data-element_type=\"section\" data-settings=\"{&quot;background_background&quot;:&quot;classic&quot;}\">\n\t\t\t\t\t\t<div class=\"elementor-container elementor-column-gap-default\">\n\t\t\t\t\t<div class=\"elementor-column elementor-col-100 elementor-top-column elementor-element elementor-element-564b93ae\" data-id=\"564b93ae\" data-element_type=\"column\">\n\t\t\t<div class=\"elementor-widget-wrap elementor-element-populated\">\n\t\t\t\t\t\t<section class=\"elementor-section elementor-inner-section elementor-element elementor-element-2e01e3c4 elementor-section-boxed elementor-section-height-default elementor-section-height-default\" data-id=\"2e01e3c4\" data-element_type=\"section\">\n\t\t\t\t\t\t<div class=\"elementor-container elementor-column-gap-default\">\n\t\t\t\t\t<div class=\"elementor-column elementor-col-50 elementor-inner-column elementor-element elementor-element-3efc91cf\" data-id=\"3efc91cf\" data-element_type=\"column\">\n\t\t\t<div class=\"elementor-widget-wrap elementor-element-populated\">\n\t\t\t\t\t\t<div class=\"elementor-element elementor-element-206faa6c elementor-hidden-desktop elementor-hidden-tablet elementor-widget elementor-widget-image\" data-id=\"206faa6c\" data-element_type=\"widget\" data-widget_type=\"image.default\">\n\t\t\t\t<div class=\"elementor-widget-container\">\n\t\t\t\t\t\t\t\t\t\t\t\t\t<img fetchpriority=\"high\" decoding=\"async\" width=\"600\" height=\"450\" src=\"https:\/\/goldenbay.com.cy\/wp-content\/uploads\/2020\/12\/2017_coe_color_opt.jpg\" class=\"attachment-large size-large wp-image-2334\" alt=\"\" srcset=\"https:\/\/goldenbay.com.cy\/wp-content\/uploads\/2020\/12\/2017_coe_color_opt.jpg 600w, https:\/\/goldenbay.com.cy\/wp-content\/uploads\/2020\/12\/2017_coe_color_opt-360x270.jpg 360w\" sizes=\"(max-width: 600px) 100vw, 600px\" \/>\t\t\t\t\t\t\t\t\t\t\t\t\t<\/div>\n\t\t\t\t<\/div>\n\t\t\t\t\t<\/div>\n\t\t<\/div>\n\t\t\t\t<div class=\"elementor-column elementor-col-50 elementor-inner-column elementor-element elementor-element-43d8589b\" data-id=\"43d8589b\" data-element_type=\"column\">\n\t\t\t<div class=\"elementor-widget-wrap elementor-element-populated\">\n\t\t\t\t\t\t<div class=\"elementor-element elementor-element-59fcf168 elementor-widget elementor-widget-heading\" data-id=\"59fcf168\" data-element_type=\"widget\" data-widget_type=\"heading.default\">\n\t\t\t\t<div class=\"elementor-widget-container\">\n\t\t\t<h2 class=\"elementor-heading-title elementor-size-default\">Certificate of Excellence Award of 2017\n<\/h2>\t\t<\/div>\n\t\t\t\t<\/div>\n\t\t\t\t<div class=\"elementor-element elementor-element-65866e6e elementor-widget elementor-widget-text-editor\" data-id=\"65866e6e\" data-element_type=\"widget\" data-widget_type=\"text-editor.default\">\n\t\t\t\t<div class=\"elementor-widget-container\">\n\t\t\t\t\t\t\t<p><span style=\"color: #ffffff;\">Wir f\u00fchlen uns geehrt, das Zertifikat f\u00fcr hervorragende Qualit\u00e4t erhalten zu haben. Diese Auszeichnung wird an Unternehmer verliehen, die durchgehend gro\u00dfartige Reisebewertungen auf der Seite \u2018\u2018 Tripadvisor\u2018\u2018 erhalten haben. Gerade deshalb freut es und besonders.<\/span><\/p>\n\t\t\t\t\t\t<\/div>\n\t\t\t\t<\/div>\n\t\t\t\t\t<\/div>\n\t\t<\/div>\n\t\t\t\t\t<\/div>\n\t\t<\/section>\n\t\t\t\t<section class=\"elementor-section elementor-inner-section elementor-element elementor-element-15899cfc elementor-section-boxed elementor-section-height-default elementor-section-height-default\" data-id=\"15899cfc\" data-element_type=\"section\">\n\t\t\t\t\t\t<div class=\"elementor-container elementor-column-gap-default\">\n\t\t\t\t\t<div class=\"elementor-column elementor-col-50 elementor-inner-column elementor-element elementor-element-22578019\" data-id=\"22578019\" data-element_type=\"column\">\n\t\t\t<div class=\"elementor-widget-wrap elementor-element-populated\">\n\t\t\t\t\t\t<div class=\"elementor-element elementor-element-35535bfc elementor-widget elementor-widget-image\" data-id=\"35535bfc\" data-element_type=\"widget\" data-widget_type=\"image.default\">\n\t\t\t\t<div class=\"elementor-widget-container\">\n\t\t\t\t\t\t\t\t\t\t\t\t\t<img decoding=\"async\" width=\"600\" height=\"450\" src=\"https:\/\/goldenbay.com.cy\/wp-content\/uploads\/2020\/12\/2018_coe_color_opt.jpg\" class=\"attachment-large size-large wp-image-2338\" alt=\"\" srcset=\"https:\/\/goldenbay.com.cy\/wp-content\/uploads\/2020\/12\/2018_coe_color_opt.jpg 600w, https:\/\/goldenbay.com.cy\/wp-content\/uploads\/2020\/12\/2018_coe_color_opt-360x270.jpg 360w\" sizes=\"(max-width: 600px) 100vw, 600px\" \/>\t\t\t\t\t\t\t\t\t\t\t\t\t<\/div>\n\t\t\t\t<\/div>\n\t\t\t\t\t<\/div>\n\t\t<\/div>\n\t\t\t\t<div class=\"elementor-column elementor-col-50 elementor-inner-column elementor-element elementor-element-40b8045e\" data-id=\"40b8045e\" data-element_type=\"column\">\n\t\t\t<div class=\"elementor-widget-wrap elementor-element-populated\">\n\t\t\t\t\t\t<div class=\"elementor-element elementor-element-555e97b5 elementor-widget elementor-widget-heading\" data-id=\"555e97b5\" data-element_type=\"widget\" data-widget_type=\"heading.default\">\n\t\t\t\t<div class=\"elementor-widget-container\">\n\t\t\t<h2 class=\"elementor-heading-title elementor-size-default\">Certificate of Excellence Award of 2018\n<\/h2>\t\t<\/div>\n\t\t\t\t<\/div>\n\t\t\t\t<div class=\"elementor-element elementor-element-466abcb elementor-widget elementor-widget-text-editor\" data-id=\"466abcb\" data-element_type=\"widget\" data-widget_type=\"text-editor.default\">\n\t\t\t\t<div class=\"elementor-widget-container\">\n\t\t\t\t\t\t\t<p><span style=\"color: #ffffff;\">Wir f\u00fchlen uns geehrt, das Zertifikat f\u00fcr hervorragende Qualit\u00e4t erhalten zu haben. Aufgrund der Bewertungen der Besucher von TripAdvisor hat das Golden Bay Beach hotel im Jahr 2018 zum 2. Mal das Zertifikat f\u00fcr hervorragende Qualit\u00e4t verliehen bekommen.<\/span><\/p>\n\t\t\t\t\t\t<\/div>\n\t\t\t\t<\/div>\n\t\t\t\t\t<\/div>\n\t\t<\/div>\n\t\t\t\t\t<\/div>\n\t\t<\/section>\n\t\t\t\t\t<\/div>\n\t\t<\/div>\n\t\t\t\t\t<\/div>\n\t\t<\/section>\n\t\t\t\t<section class=\"elementor-section elementor-top-section elementor-element elementor-element-59c00799 elementor-section-boxed elementor-section-height-default elementor-section-height-default\" data-id=\"59c00799\" data-element_type=\"section\" data-settings=\"{&quot;background_background&quot;:&quot;classic&quot;}\">\n\t\t\t\t\t\t<div class=\"elementor-container elementor-column-gap-default\">\n\t\t\t\t\t<div class=\"elementor-column elementor-col-100 elementor-top-column elementor-element elementor-element-85b202b\" data-id=\"85b202b\" data-element_type=\"column\">\n\t\t\t<div class=\"elementor-widget-wrap elementor-element-populated\">\n\t\t\t\t\t\t<div class=\"elementor-element elementor-element-7450eec7 elementor-widget elementor-widget-image\" data-id=\"7450eec7\" data-element_type=\"widget\" data-widget_type=\"image.default\">\n\t\t\t\t<div class=\"elementor-widget-container\">\n\t\t\t\t\t\t\t\t\t\t\t\t\t<img decoding=\"async\" width=\"602\" height=\"119\" src=\"https:\/\/goldenbay.com.cy\/wp-content\/uploads\/2020\/11\/goldenbay-section-logo-1.png\" class=\"attachment-large size-large wp-image-578\" alt=\"\" srcset=\"https:\/\/goldenbay.com.cy\/wp-content\/uploads\/2020\/11\/goldenbay-section-logo-1.png 602w, https:\/\/goldenbay.com.cy\/wp-content\/uploads\/2020\/11\/goldenbay-section-logo-1-360x71.png 360w\" sizes=\"(max-width: 602px) 100vw, 602px\" \/>\t\t\t\t\t\t\t\t\t\t\t\t\t<\/div>\n\t\t\t\t<\/div>\n\t\t\t\t\t<\/div>\n\t\t<\/div>\n\t\t\t\t\t<\/div>\n\t\t<\/section>\n\t\t\t\t<\/div>\n\t\t","protected":false},"excerpt":{"rendered":"<p>Awards Thank you for sparing a few minutes to provide us with your invaluable feedback.It is always a pleasure reading our guests&#8217; comments and experiences; our guests\u2019 opinions matter dearly to our establishment! Certificate of Excellence Award of 2017 Wir f\u00fchlen uns geehrt, das Zertifikat f\u00fcr hervorragende Qualit\u00e4t erhalten zu haben. Diese Auszeichnung wird an [&hellip;]<\/p>\n","protected":false},"author":6,"featured_media":0,"parent":0,"menu_order":0,"comment_status":"closed","ping_status":"closed","template":"","meta":{"_acf_changed":false,"footnotes":""},"class_list":["post-2344","page","type-page","status-publish","hentry"],"acf":[],"yoast_head":"<!-- This site is optimized with the Yoast SEO Premium plugin v27.0 (Yoast SEO v27.1.1) - https:\/\/yoast.com\/product\/yoast-seo-premium-wordpress\/ -->\n<title>\u041d\u0430\u0433\u0440\u0430\u0434\u044b - Golden Bay Beach Hotel<\/title>\n<meta name=\"robots\" content=\"index, follow, max-snippet:-1, max-image-preview:large, max-video-preview:-1\" \/>\n<link rel=\"canonical\" href=\"https:\/\/goldenbay.com.cy\/awards\/\" \/>\n<meta property=\"og:locale\" content=\"ru_RU\" \/>\n<meta property=\"og:type\" content=\"article\" \/>\n<meta property=\"og:title\" content=\"\u041d\u0430\u0433\u0440\u0430\u0434\u044b\" \/>\n<meta property=\"og:description\" content=\"Awards Thank you for sparing a few minutes to provide us with your invaluable feedback.It is always a pleasure reading our guests&#8217; comments and experiences; our guests\u2019 opinions matter dearly to our establishment! Certificate of Excellence Award of 2017 Wir f\u00fchlen uns geehrt, das Zertifikat f\u00fcr hervorragende Qualit\u00e4t erhalten zu haben. Diese Auszeichnung wird an [&hellip;]\" \/>\n<meta property=\"og:url\" content=\"https:\/\/goldenbay.com.cy\/awards\/\" \/>\n<meta property=\"og:site_name\" content=\"Golden Bay Beach Hotel\" \/>\n<meta property=\"article:publisher\" content=\"https:\/\/www.facebook.com\/GoldenBayCyprus\/\" \/>\n<meta property=\"article:modified_time\" content=\"2025-02-06T07:28:56+00:00\" \/>\n<meta property=\"og:image\" content=\"https:\/\/goldenbay.com.cy\/wp-content\/uploads\/2020\/12\/2017_coe_color_opt.jpg\" \/>\n\t<meta property=\"og:image:width\" content=\"600\" \/>\n\t<meta property=\"og:image:height\" content=\"450\" \/>\n\t<meta property=\"og:image:type\" content=\"image\/jpeg\" \/>\n<meta name=\"twitter:card\" content=\"summary_large_image\" \/>\n<meta name=\"twitter:site\" content=\"@goldenbaycyprus\" \/>\n<meta name=\"twitter:label1\" content=\"\u041f\u0440\u0438\u043c\u0435\u0440\u043d\u043e\u0435 \u0432\u0440\u0435\u043c\u044f \u0434\u043b\u044f \u0447\u0442\u0435\u043d\u0438\u044f\" \/>\n\t<meta name=\"twitter:data1\" content=\"1 \u043c\u0438\u043d\u0443\u0442\u0430\" \/>\n<script type=\"application\/ld+json\" class=\"yoast-schema-graph\">{\"@context\":\"https:\/\/schema.org\",\"@graph\":[{\"@type\":\"WebPage\",\"@id\":\"https:\/\/goldenbay.com.cy\/awards\/\",\"url\":\"https:\/\/goldenbay.com.cy\/awards\/\",\"name\":\"\u041d\u0430\u0433\u0440\u0430\u0434\u044b - Golden Bay Beach Hotel\",\"isPartOf\":{\"@id\":\"https:\/\/goldenbay.com.cy\/#website\"},\"primaryImageOfPage\":{\"@id\":\"https:\/\/goldenbay.com.cy\/awards\/#primaryimage\"},\"image\":{\"@id\":\"https:\/\/goldenbay.com.cy\/awards\/#primaryimage\"},\"thumbnailUrl\":\"https:\/\/goldenbay.com.cy\/wp-content\/uploads\/2020\/12\/2017_coe_color_opt.jpg\",\"datePublished\":\"2020-12-04T10:53:39+00:00\",\"dateModified\":\"2025-02-06T07:28:56+00:00\",\"breadcrumb\":{\"@id\":\"https:\/\/goldenbay.com.cy\/awards\/#breadcrumb\"},\"inLanguage\":\"ru-RU\",\"potentialAction\":[{\"@type\":\"ReadAction\",\"target\":[\"https:\/\/goldenbay.com.cy\/awards\/\"]}]},{\"@type\":\"ImageObject\",\"inLanguage\":\"ru-RU\",\"@id\":\"https:\/\/goldenbay.com.cy\/awards\/#primaryimage\",\"url\":\"https:\/\/goldenbay.com.cy\/wp-content\/uploads\/2020\/12\/2017_coe_color_opt.jpg\",\"contentUrl\":\"https:\/\/goldenbay.com.cy\/wp-content\/uploads\/2020\/12\/2017_coe_color_opt.jpg\"},{\"@type\":\"BreadcrumbList\",\"@id\":\"https:\/\/goldenbay.com.cy\/awards\/#breadcrumb\",\"itemListElement\":[{\"@type\":\"ListItem\",\"position\":1,\"name\":\"Home\",\"item\":\"https:\/\/goldenbay.com.cy\/ru\/\"},{\"@type\":\"ListItem\",\"position\":2,\"name\":\"\u041d\u0430\u0433\u0440\u0430\u0434\u044b\"}]},{\"@type\":\"WebSite\",\"@id\":\"https:\/\/goldenbay.com.cy\/#website\",\"url\":\"https:\/\/goldenbay.com.cy\/\",\"name\":\"Golden Bay Beach Hotel\",\"description\":\"Just another WordPress site\",\"publisher\":{\"@id\":\"https:\/\/goldenbay.com.cy\/#organization\"},\"potentialAction\":[{\"@type\":\"SearchAction\",\"target\":{\"@type\":\"EntryPoint\",\"urlTemplate\":\"https:\/\/goldenbay.com.cy\/?s={search_term_string}\"},\"query-input\":{\"@type\":\"PropertyValueSpecification\",\"valueRequired\":true,\"valueName\":\"search_term_string\"}}],\"inLanguage\":\"ru-RU\"},{\"@type\":\"Organization\",\"@id\":\"https:\/\/goldenbay.com.cy\/#organization\",\"name\":\"Golden Bay Beach Hotel\",\"alternateName\":\"Golden Bay Beach Hotel in Larnaca\",\"url\":\"https:\/\/goldenbay.com.cy\/\",\"logo\":{\"@type\":\"ImageObject\",\"inLanguage\":\"ru-RU\",\"@id\":\"https:\/\/goldenbay.com.cy\/#\/schema\/logo\/image\/\",\"url\":\"https:\/\/goldenbay.com.cy\/wp-content\/uploads\/2026\/03\/gblogo-square-696.jpg\",\"contentUrl\":\"https:\/\/goldenbay.com.cy\/wp-content\/uploads\/2026\/03\/gblogo-square-696.jpg\",\"width\":696,\"height\":696,\"caption\":\"Golden Bay Beach Hotel\"},\"image\":{\"@id\":\"https:\/\/goldenbay.com.cy\/#\/schema\/logo\/image\/\"},\"sameAs\":[\"https:\/\/www.facebook.com\/GoldenBayCyprus\/\",\"https:\/\/x.com\/goldenbaycyprus\",\"https:\/\/www.instagram.com\/goldenbaycyprus\/\",\"https:\/\/www.linkedin.com\/company\/golden-bay-beach-hotel\/\",\"https:\/\/www.youtube.com\/user\/goldenbaycyprus\"],\"description\":\"Golden Bay Beach Hotel is a 5-star luxury beachfront hotel located on Dhekelia Road in Larnaca, Cyprus. The hotel features 193 rooms across 10 room categories, 4 restaurants, 3 bars, a full-service spa, indoor and outdoor pools, conference facilities, and direct sandy beach access. It operates under Cyprus Tourism Organisation license #172.\",\"email\":\"info@goldenbay.com.cy\",\"telephone\":\"+357 24645444\",\"legalName\":\"Golden Bay Beach Hotel\",\"numberOfEmployees\":{\"@type\":\"QuantitativeValue\",\"minValue\":\"11\",\"maxValue\":\"50\"}}]}<\/script>\n<!-- \/ Yoast SEO Premium plugin. -->","yoast_head_json":{"title":"\u041d\u0430\u0433\u0440\u0430\u0434\u044b - Golden Bay Beach Hotel","robots":{"index":"index","follow":"follow","max-snippet":"max-snippet:-1","max-image-preview":"max-image-preview:large","max-video-preview":"max-video-preview:-1"},"canonical":"https:\/\/goldenbay.com.cy\/awards\/","og_locale":"ru_RU","og_type":"article","og_title":"\u041d\u0430\u0433\u0440\u0430\u0434\u044b","og_description":"Awards Thank you for sparing a few minutes to provide us with your invaluable feedback.It is always a pleasure reading our guests&#8217; comments and experiences; our guests\u2019 opinions matter dearly to our establishment! Certificate of Excellence Award of 2017 Wir f\u00fchlen uns geehrt, das Zertifikat f\u00fcr hervorragende Qualit\u00e4t erhalten zu haben. Diese Auszeichnung wird an [&hellip;]","og_url":"https:\/\/goldenbay.com.cy\/awards\/","og_site_name":"Golden Bay Beach Hotel","article_publisher":"https:\/\/www.facebook.com\/GoldenBayCyprus\/","article_modified_time":"2025-02-06T07:28:56+00:00","og_image":[{"width":600,"height":450,"url":"https:\/\/goldenbay.com.cy\/wp-content\/uploads\/2020\/12\/2017_coe_color_opt.jpg","type":"image\/jpeg"}],"twitter_card":"summary_large_image","twitter_site":"@goldenbaycyprus","twitter_misc":{"\u041f\u0440\u0438\u043c\u0435\u0440\u043d\u043e\u0435 \u0432\u0440\u0435\u043c\u044f \u0434\u043b\u044f \u0447\u0442\u0435\u043d\u0438\u044f":"1 \u043c\u0438\u043d\u0443\u0442\u0430"},"schema":{"@context":"https:\/\/schema.org","@graph":[{"@type":"WebPage","@id":"https:\/\/goldenbay.com.cy\/awards\/","url":"https:\/\/goldenbay.com.cy\/awards\/","name":"\u041d\u0430\u0433\u0440\u0430\u0434\u044b - Golden Bay Beach Hotel","isPartOf":{"@id":"https:\/\/goldenbay.com.cy\/#website"},"primaryImageOfPage":{"@id":"https:\/\/goldenbay.com.cy\/awards\/#primaryimage"},"image":{"@id":"https:\/\/goldenbay.com.cy\/awards\/#primaryimage"},"thumbnailUrl":"https:\/\/goldenbay.com.cy\/wp-content\/uploads\/2020\/12\/2017_coe_color_opt.jpg","datePublished":"2020-12-04T10:53:39+00:00","dateModified":"2025-02-06T07:28:56+00:00","breadcrumb":{"@id":"https:\/\/goldenbay.com.cy\/awards\/#breadcrumb"},"inLanguage":"ru-RU","potentialAction":[{"@type":"ReadAction","target":["https:\/\/goldenbay.com.cy\/awards\/"]}]},{"@type":"ImageObject","inLanguage":"ru-RU","@id":"https:\/\/goldenbay.com.cy\/awards\/#primaryimage","url":"https:\/\/goldenbay.com.cy\/wp-content\/uploads\/2020\/12\/2017_coe_color_opt.jpg","contentUrl":"https:\/\/goldenbay.com.cy\/wp-content\/uploads\/2020\/12\/2017_coe_color_opt.jpg"},{"@type":"BreadcrumbList","@id":"https:\/\/goldenbay.com.cy\/awards\/#breadcrumb","itemListElement":[{"@type":"ListItem","position":1,"name":"Home","item":"https:\/\/goldenbay.com.cy\/ru\/"},{"@type":"ListItem","position":2,"name":"\u041d\u0430\u0433\u0440\u0430\u0434\u044b"}]},{"@type":"WebSite","@id":"https:\/\/goldenbay.com.cy\/#website","url":"https:\/\/goldenbay.com.cy\/","name":"Golden Bay Beach Hotel","description":"Just another WordPress site","publisher":{"@id":"https:\/\/goldenbay.com.cy\/#organization"},"potentialAction":[{"@type":"SearchAction","target":{"@type":"EntryPoint","urlTemplate":"https:\/\/goldenbay.com.cy\/?s={search_term_string}"},"query-input":{"@type":"PropertyValueSpecification","valueRequired":true,"valueName":"search_term_string"}}],"inLanguage":"ru-RU"},{"@type":"Organization","@id":"https:\/\/goldenbay.com.cy\/#organization","name":"Golden Bay Beach Hotel","alternateName":"Golden Bay Beach Hotel in Larnaca","url":"https:\/\/goldenbay.com.cy\/","logo":{"@type":"ImageObject","inLanguage":"ru-RU","@id":"https:\/\/goldenbay.com.cy\/#\/schema\/logo\/image\/","url":"https:\/\/goldenbay.com.cy\/wp-content\/uploads\/2026\/03\/gblogo-square-696.jpg","contentUrl":"https:\/\/goldenbay.com.cy\/wp-content\/uploads\/2026\/03\/gblogo-square-696.jpg","width":696,"height":696,"caption":"Golden Bay Beach Hotel"},"image":{"@id":"https:\/\/goldenbay.com.cy\/#\/schema\/logo\/image\/"},"sameAs":["https:\/\/www.facebook.com\/GoldenBayCyprus\/","https:\/\/x.com\/goldenbaycyprus","https:\/\/www.instagram.com\/goldenbaycyprus\/","https:\/\/www.linkedin.com\/company\/golden-bay-beach-hotel\/","https:\/\/www.youtube.com\/user\/goldenbaycyprus"],"description":"Golden Bay Beach Hotel is a 5-star luxury beachfront hotel located on Dhekelia Road in Larnaca, Cyprus. The hotel features 193 rooms across 10 room categories, 4 restaurants, 3 bars, a full-service spa, indoor and outdoor pools, conference facilities, and direct sandy beach access. It operates under Cyprus Tourism Organisation license #172.","email":"info@goldenbay.com.cy","telephone":"+357 24645444","legalName":"Golden Bay Beach Hotel","numberOfEmployees":{"@type":"QuantitativeValue","minValue":"11","maxValue":"50"}}]}},"_links":{"self":[{"href":"https:\/\/goldenbay.com.cy\/ru\/wp-json\/wp\/v2\/pages\/2344","targetHints":{"allow":["GET"]}}],"collection":[{"href":"https:\/\/goldenbay.com.cy\/ru\/wp-json\/wp\/v2\/pages"}],"about":[{"href":"https:\/\/goldenbay.com.cy\/ru\/wp-json\/wp\/v2\/types\/page"}],"author":[{"embeddable":true,"href":"https:\/\/goldenbay.com.cy\/ru\/wp-json\/wp\/v2\/users\/6"}],"replies":[{"embeddable":true,"href":"https:\/\/goldenbay.com.cy\/ru\/wp-json\/wp\/v2\/comments?post=2344"}],"version-history":[{"count":1,"href":"https:\/\/goldenbay.com.cy\/ru\/wp-json\/wp\/v2\/pages\/2344\/revisions"}],"predecessor-version":[{"id":7272,"href":"https:\/\/goldenbay.com.cy\/ru\/wp-json\/wp\/v2\/pages\/2344\/revisions\/7272"}],"wp:attachment":[{"href":"https:\/\/goldenbay.com.cy\/ru\/wp-json\/wp\/v2\/media?parent=2344"}],"curies":[{"name":"wp","href":"https:\/\/api.w.org\/{rel}","templated":true}]}}